{"id":27,"date":"2024-03-19T06:53:54","date_gmt":"2024-03-19T06:53:54","guid":{"rendered":"https:\/\/howjoo.com\/?page_id=27"},"modified":"2025-01-07T14:39:11","modified_gmt":"2025-01-07T06:39:11","slug":"about-us","status":"publish","type":"page","link":"https:\/\/howjoo.com\/vi\/ve-chung-toi\/","title":{"rendered":"V\u1ec1 Ch\u00fang T\u00f4i"},"content":{"rendered":"<div class=\"wp-block-uagb-container uag-blocks-common-selector uagb-block-72af0111 alignfull uagb-is-root-container\"><div class=\"uagb-container-inner-blocks-wrap\">\n<div class=\"wp-block-uagb-advanced-heading uagb-block-61ed7520\"><h6 class=\"uagb-heading-text\">\u2014 Ch\u00e0o m\u1eebng<\/h6><\/div>\n\n\n\n<div class=\"wp-block-uagb-advanced-heading uagb-block-4a483d8e\"><h1 class=\"uagb-heading-text\">V\u1ec1 Ch\u00fang T\u00f4i<\/h1><\/div>\n<\/div><\/div>\n\n\n\n<div class=\"wp-block-uagb-container uagb-block-23e7ad8b alignfull uagb-is-root-container\"><div class=\"uagb-container-inner-blocks-wrap\"><div class=\"breadcrumbs align wp-elements-8de87235d4300ab57edccff768f490b0 wp-block-bcn-breadcrumb-trail has-text-color has-primary-color has-background\" vocab=\"https:\/\/schema.org\/\" typeof=\"BreadcrumbList\">\n\t<span><\/span>\n\t<span property=\"itemListElement\" typeof=\"ListItem\"><a property=\"item\" typeof=\"WebPage\" title=\"\u0110i \u0111\u1ebfn HowJoo s\u1ea3n Ph\u1ea9m Qu\u1ea3ng c\u00e1o.\" href=\"https:\/\/howjoo.com\/vi\" class=\"home\" aria-current=\"page\"><span property=\"name\">trang ch\u1ee7<\/span><\/a><meta property=\"position\" content=\"1\"><\/span><\/div>\n<\/div><\/div>\n\n\n\n<div class=\"wp-block-uagb-container uagb-block-59396a5b alignfull uagb-is-root-container\"><div class=\"uagb-container-inner-blocks-wrap\">\n<div class=\"wp-block-group alignwide has-global-padding is-layout-constrained wp-container-core-group-is-layout-fa72c8b5 wp-block-group-is-layout-constrained\" style=\"padding-top:var(--wp--preset--spacing--x-large);padding-bottom:var(--wp--preset--spacing--x-large)\">\n<div class=\"wp-block-columns alignwide is-layout-flex wp-container-core-columns-is-layout-00f84694 wp-block-columns-is-layout-flex\">\n<div class=\"wp-block-column is-vertically-aligned-center has-x-small-font-size is-layout-flow wp-block-column-is-layout-flow\">\n<h2 class=\"wp-block-heading has-varela-round-font-family has-large-font-size\" style=\"margin-bottom:var(--wp--preset--spacing--small)\"><strong>C\u00f4ng ty TNHH Th\u01b0\u01a1ng m\u1ea1i Qu\u1ed1c t\u1ebf Ninh Ba HowJoo<\/strong><\/h2>\n\n\n\n<div class=\"wp-block-uagb-icon-list uagb-block-88d5da0c\"><div class=\"uagb-icon-list__wrap\">\n<div class=\"wp-block-uagb-icon-list-child uagb-block-00e2796f\"><span class=\"uagb-icon-list__source-wrap\"><svg xmlns=\"https:\/\/www.w3.org\/2000\/svg\" viewbox=\"0 0 256 512\"><path d=\"M64 448c-8.188 0-16.38-3.125-22.62-9.375c-12.5-12.5-12.5-32.75 0-45.25L178.8 256L41.38 118.6c-12.5-12.5-12.5-32.75 0-45.25s32.75-12.5 45.25 0l160 160c12.5 12.5 12.5 32.75 0 45.25l-160 160C80.38 444.9 72.19 448 64 448z\"><\/path><\/svg><\/span><span class=\"uagb-icon-list__label\"><strong>N\u0103m th\u00e0nh l\u1eadp:<\/strong> 2018 <\/span><\/div>\n\n\n\n<div class=\"wp-block-uagb-icon-list-child uagb-block-efc1dbf3\"><span class=\"uagb-icon-list__source-wrap\"><svg xmlns=\"https:\/\/www.w3.org\/2000\/svg\" viewbox=\"0 0 256 512\"><path d=\"M64 448c-8.188 0-16.38-3.125-22.62-9.375c-12.5-12.5-12.5-32.75 0-45.25L178.8 256L41.38 118.6c-12.5-12.5-12.5-32.75 0-45.25s32.75-12.5 45.25 0l160 160c12.5 12.5 12.5 32.75 0 45.25l-160 160C80.38 444.9 72.19 448 64 448z\"><\/path><\/svg><\/span><span class=\"uagb-icon-list__label\"><strong>Qu\u1ed1c gia\/Khu v\u1ef1c: <\/strong>Ninh Ba, Trung Qu\u1ed1c. 2 gi\u1edd l\u00e1i xe t\u1eeb Th\u01b0\u1ee3ng H\u1ea3i v\u00e0 Ngh\u0129a \u00d4<\/span><\/div>\n\n\n\n<div class=\"wp-block-uagb-icon-list-child uagb-block-dd5ce7be\"><span class=\"uagb-icon-list__source-wrap\"><svg xmlns=\"https:\/\/www.w3.org\/2000\/svg\" viewbox=\"0 0 256 512\"><path d=\"M64 448c-8.188 0-16.38-3.125-22.62-9.375c-12.5-12.5-12.5-32.75 0-45.25L178.8 256L41.38 118.6c-12.5-12.5-12.5-32.75 0-45.25s32.75-12.5 45.25 0l160 160c12.5 12.5 12.5 32.75 0 45.25l-160 160C80.38 444.9 72.19 448 64 448z\"><\/path><\/svg><\/span><span class=\"uagb-icon-list__label\"><strong>S\u1ed1 l\u01b0\u1ee3ng nh\u00e2n vi\u00ean:<\/strong> 5-10 ng\u01b0\u1eddi <\/span><\/div>\n\n\n\n<div class=\"wp-block-uagb-icon-list-child uagb-block-9cf5634a\"><span class=\"uagb-icon-list__source-wrap\"><svg xmlns=\"https:\/\/www.w3.org\/2000\/svg\" viewbox=\"0 0 256 512\"><path d=\"M64 448c-8.188 0-16.38-3.125-22.62-9.375c-12.5-12.5-12.5-32.75 0-45.25L178.8 256L41.38 118.6c-12.5-12.5-12.5-32.75 0-45.25s32.75-12.5 45.25 0l160 160c12.5 12.5 12.5 32.75 0 45.25l-160 160C80.38 444.9 72.19 448 64 448z\"><\/path><\/svg><\/span><span class=\"uagb-icon-list__label\"><strong>Kinh nghi\u1ec7m trong ng\u00e0nh:<\/strong> h\u01a1n 10 n\u0103m <\/span><\/div>\n\n\n\n<div class=\"wp-block-uagb-icon-list-child uagb-block-baad180e\"><span class=\"uagb-icon-list__source-wrap\"><svg xmlns=\"https:\/\/www.w3.org\/2000\/svg\" viewbox=\"0 0 256 512\"><path d=\"M64 448c-8.188 0-16.38-3.125-22.62-9.375c-12.5-12.5-12.5-32.75 0-45.25L178.8 256L41.38 118.6c-12.5-12.5-12.5-32.75 0-45.25s32.75-12.5 45.25 0l160 160c12.5 12.5 12.5 32.75 0 45.25l-160 160C80.38 444.9 72.19 448 64 448z\"><\/path><\/svg><\/span><span class=\"uagb-icon-list__label\"><strong>Lo\u1ea1i h\u00ecnh kinh doanh:<\/strong> C\u00f4ng Ty Th\u01b0\u01a1ng M\u1ea1i<\/span><\/div>\n\n\n\n<div class=\"wp-block-uagb-icon-list-child uagb-block-ef2b9a46\"><span class=\"uagb-icon-list__source-wrap\"><svg xmlns=\"https:\/\/www.w3.org\/2000\/svg\" viewbox=\"0 0 256 512\"><path d=\"M64 448c-8.188 0-16.38-3.125-22.62-9.375c-12.5-12.5-12.5-32.75 0-45.25L178.8 256L41.38 118.6c-12.5-12.5-12.5-32.75 0-45.25s32.75-12.5 45.25 0l160 160c12.5 12.5 12.5 32.75 0 45.25l-160 160C80.38 444.9 72.19 448 64 448z\"><\/path><\/svg><\/span><span class=\"uagb-icon-list__label\"><strong>T\u1ed5ng doanh thu h\u00e0ng n\u0103m:<\/strong> 0,6 tri\u1ec7u USD \u2013 1 tri\u1ec7u USD  <\/span><\/div>\n\n\n\n<div class=\"wp-block-uagb-icon-list-child uagb-block-41514753\"><span class=\"uagb-icon-list__source-wrap\"><svg xmlns=\"https:\/\/www.w3.org\/2000\/svg\" viewbox=\"0 0 256 512\"><path d=\"M64 448c-8.188 0-16.38-3.125-22.62-9.375c-12.5-12.5-12.5-32.75 0-45.25L178.8 256L41.38 118.6c-12.5-12.5-12.5-32.75 0-45.25s32.75-12.5 45.25 0l160 160c12.5 12.5 12.5 32.75 0 45.25l-160 160C80.38 444.9 72.19 448 64 448z\"><\/path><\/svg><\/span><span class=\"uagb-icon-list__label\"><strong>S\u1ed1 l\u01b0\u1ee3ng kh\u00e1ch h\u00e0ng:<\/strong> H\u01a1n 200 kh\u00e1ch h\u00e0ng  <\/span><\/div>\n\n\n\n<div class=\"wp-block-uagb-icon-list-child uagb-block-7ea7e6de\"><span class=\"uagb-icon-list__source-wrap\"><svg xmlns=\"https:\/\/www.w3.org\/2000\/svg\" viewbox=\"0 0 256 512\"><path d=\"M64 448c-8.188 0-16.38-3.125-22.62-9.375c-12.5-12.5-12.5-32.75 0-45.25L178.8 256L41.38 118.6c-12.5-12.5-12.5-32.75 0-45.25s32.75-12.5 45.25 0l160 160c12.5 12.5 12.5 32.75 0 45.25l-160 160C80.38 444.9 72.19 448 64 448z\"><\/path><\/svg><\/span><span class=\"uagb-icon-list__label\"><strong>Th\u1ecb tr\u01b0\u1eddng ch\u00ednh:<\/strong> Ch\u00e2u \u00c2u, B\u1eafc M\u1ef9, Ch\u00e2u \u00c1, Trung \u0110\u00f4ng <\/span><\/div>\n\n\n\n<div class=\"wp-block-uagb-icon-list-child uagb-block-3f8141a7\"><span class=\"uagb-icon-list__source-wrap\"><svg xmlns=\"https:\/\/www.w3.org\/2000\/svg\" viewbox=\"0 0 256 512\"><path d=\"M64 448c-8.188 0-16.38-3.125-22.62-9.375c-12.5-12.5-12.5-32.75 0-45.25L178.8 256L41.38 118.6c-12.5-12.5-12.5-32.75 0-45.25s32.75-12.5 45.25 0l160 160c12.5 12.5 12.5 32.75 0 45.25l-160 160C80.38 444.9 72.19 448 64 448z\"><\/path><\/svg><\/span><span class=\"uagb-icon-list__label\"><strong>Nh\u01b0ng ha\u0323ng mu\u0323c chinh:<\/strong> D\u1ee5ng c\u1ee5 u\u1ed1ng n\u01b0\u1edbc, Vui ch\u01a1i &amp; Gi\u1ea3i tr\u00ed, V\u0103n ph\u00f2ng &amp; Vi\u1ebft l\u00e1ch, Du l\u1ecbch &amp; Ho\u1ea1t \u0111\u1ed9ng ngo\u00e0i tr\u1eddi, T\u00fai x\u00e1ch, v.v.<\/span><\/div>\n\n\n\n<div class=\"wp-block-uagb-icon-list-child uagb-block-840d5ea5\"><span class=\"uagb-icon-list__source-wrap\"><svg xmlns=\"https:\/\/www.w3.org\/2000\/svg\" viewbox=\"0 0 256 512\"><path d=\"M64 448c-8.188 0-16.38-3.125-22.62-9.375c-12.5-12.5-12.5-32.75 0-45.25L178.8 256L41.38 118.6c-12.5-12.5-12.5-32.75 0-45.25s32.75-12.5 45.25 0l160 160c12.5 12.5 12.5 32.75 0 45.25l-160 160C80.38 444.9 72.19 448 64 448z\"><\/path><\/svg><\/span><span class=\"uagb-icon-list__label\"><strong>Ch\u1ee9ng nh\u1eadn:<\/strong> CE, RoHS, FDA, etc <\/span><\/div>\n\n\n\n<div class=\"wp-block-uagb-icon-list-child uagb-block-6f5057fa\"><span class=\"uagb-icon-list__source-wrap\"><svg xmlns=\"https:\/\/www.w3.org\/2000\/svg\" viewbox=\"0 0 256 512\"><path d=\"M64 448c-8.188 0-16.38-3.125-22.62-9.375c-12.5-12.5-12.5-32.75 0-45.25L178.8 256L41.38 118.6c-12.5-12.5-12.5-32.75 0-45.25s32.75-12.5 45.25 0l160 160c12.5 12.5 12.5 32.75 0 45.25l-160 160C80.38 444.9 72.19 448 64 448z\"><\/path><\/svg><\/span><span class=\"uagb-icon-list__label\"><strong>T\u00f9y ch\u1ec9nh OEM &amp; ODM:<\/strong> Ch\u1ea5p nh\u1eadn \u0111\u01b0\u1ee3c <\/span><\/div>\n<\/div><\/div>\n\n\n\n<div class=\"wp-block-uagb-buttons uagb-buttons__outer-wrap uagb-btn__medium-btn uagb-btn-tablet__default-btn uagb-btn-mobile__default-btn uagb-block-65a286c4\"><div class=\"uagb-buttons__wrap uagb-buttons-layout-wrap\">\n<div class=\"wp-block-uagb-buttons-child uagb-buttons__outer-wrap uagb-block-1541b668 wp-block-button\"><div class=\"uagb-button__wrapper\"><a class=\"uagb-buttons-repeater wp-block-button__link\" aria-label=\"\" href=\"https:\/\/howjoo.com\/vi\/lien-he-chung-toi\/\" rel=\"follow noopener\" target=\"_self\"><div class=\"uagb-button__link\">Li\u00ean h\u1ec7 ch\u00fang t\u00f4i<\/div><\/a><\/div><\/div>\n<\/div><\/div>\n<\/div>\n\n\n\n<div class=\"wp-block-column is-layout-flow wp-block-column-is-layout-flow\">\n<figure class=\"wp-block-image size-large has-custom-border is-style-default\"><img decoding=\"async\" src=\"https:\/\/howjoo.com\/wp-content\/themes\/spectra-one\/assets\/image\/placeholder-landscape.svg\" alt=\"\" class=\"wp-image-86\" style=\"border-radius:8px\"\/><\/figure>\n<\/div>\n<\/div>\n<\/div>\n\n\n\n<div class=\"wp-block-uagb-container uagb-block-c316fa33\">\n<div class=\"wp-block-uagb-info-box uagb-block-305f7bc1 uagb-infobox__content-wrap  uagb-infobox-icon-above-title uagb-infobox-image-valign-top\"><div class=\"uagb-ifb-content\"><div class=\"uagb-ifb-title-wrap\"><h2 class=\"uagb-ifb-title\">V\u1ec1 ch\u00fang t\u00f4i<\/h2><\/div><p class=\"uagb-ifb-desc\"><strong>HowJoo<\/strong> l\u00e0 m\u1ed9t trong nh\u1eefng nh\u00e0 cung c\u1ea5p s\u1ea3n ph\u1ea9m khuy\u1ebfn m\u1ea1i h\u00e0ng \u0111\u1ea7u t\u1ea1i Trung Qu\u1ed1c. Ch\u00fang t\u00f4i c\u00f3 h\u01a1n 10 n\u0103m kinh nghi\u1ec7m chuy\u00ean m\u00f4n trong l\u0129nh v\u1ef1c t\u00ecm ngu\u1ed3n cung \u1ee9ng s\u1ea3n ph\u1ea9m, qu\u1ea3n l\u00fd s\u1ea3n xu\u1ea5t v\u00e0 h\u1eadu c\u1ea7n xu\u1ea5t kh\u1ea9u.<br><br>Ch\u00fang t\u00f4i cung c\u1ea5p c\u00e1c s\u1ea3n ph\u1ea9m khuy\u1ebfn m\u1ea1i, qu\u00e0 t\u1eb7ng c\u00f3 in d\u1ea5u v\u00e0 qu\u00e0 t\u1eb7ng qu\u1ea3ng c\u00e1o cho nhi\u1ec1u \u0111\u1ed1i t\u01b0\u1ee3ng kh\u00e1ch h\u00e0ng kh\u00e1c nhau, bao g\u1ed3m c\u00e1c nh\u00e0 nh\u1eadp kh\u1ea9u, nh\u00e0 ph\u00e2n ph\u1ed1i, nh\u00e0 cung c\u1ea5p d\u1ecbch v\u1ee5 in \u1ea5n v\u00e0 c\u00e1c \u0111\u1ea1i l\u00fd qu\u1ea3ng c\u00e1o tr\u00ean kh\u1eafp Ch\u00e2u \u00c2u, B\u1eafc M\u1ef9, Ch\u00e2u \u00c1, v.v.<br><br>Ch\u00fang t\u00f4i c\u00f3 m\u1ed9t m\u1ea1ng l\u01b0\u1edbi t\u00ecm ngu\u1ed3n cung \u1ee9ng v\u1eefng ch\u1eafc \u0111\u1ec3 gi\u00fap kh\u00e1ch h\u00e0ng t\u00ecm ki\u1ebfm s\u1ea3n ph\u1ea9m v\u1edbi gi\u00e1 c\u1ea3 c\u1ea1nh tranh v\u00e0 ch\u1ea5t l\u01b0\u1ee3ng cao. Ngo\u00e0i ra, ch\u00fang t\u00f4i c\u00f2n cung c\u1ea5p c\u00e1c d\u1ecbch v\u1ee5 s\u1ea3n xu\u1ea5t t\u00f9y ch\u1ec9nh \u0111\u1ec3 ph\u00f9 h\u1ee3p v\u1edbi nhu c\u1ea7u c\u1ee5 th\u1ec3 v\u00e0 \u00fd t\u01b0\u1edfng s\u00e1ng t\u1ea1o c\u1ee7a kh\u00e1ch h\u00e0ng.<br><br>Ch\u00fang t\u00f4i mong mu\u1ed1n tr\u1edf th\u00e0nh ngu\u1ed3n duy nh\u1ea5t \u0111\u1ec3 trao quy\u1ec1n cho chu\u1ed7i cung \u1ee9ng c\u1ee7a b\u1ea1n, gi\u00fap b\u1ea1n gi\u1ea3m chi ph\u00ed mua h\u00e0ng, chi ph\u00ed t\u1ed1n th\u1eddi gian v\u00e0 c\u00e1c chi ph\u00ed qu\u1ea3n l\u00fd nh\u00e0 cung c\u1ea5p ti\u1ec1m \u1ea9n kh\u00e1c.<\/p><\/div><\/div>\n<\/div>\n\n\n\n<div class=\"wp-block-uagb-container uagb-block-ef4f286d\">\n<div class=\"wp-block-uagb-info-box uagb-block-5d0ba61d uagb-infobox__content-wrap  uagb-infobox-icon-above-title uagb-infobox-image-valign-top\"><div class=\"uagb-ifb-content\"><div class=\"uagb-ifb-title-wrap\"><h2 class=\"uagb-ifb-title\">Ch\u00fang ta l\u00e0m g\u00ec<\/h2><\/div><p class=\"uagb-ifb-desc\"><strong>D\u1ecbch v\u1ee5 t\u00f9y bi\u1ebfn:<\/strong> t\u00edch h\u1ee3p logo c\u1ee7a b\u1ea1n v\u1edbi c\u00e1c v\u1eadt ph\u1ea9m qu\u1ea3ng c\u00e1o th\u00f4ng qua d\u1ecbch v\u1ee5 in \u1ea5n \u0111\u1ec3 n\u00e2ng cao nh\u1eadn th\u1ee9c v\u1ec1 th\u01b0\u01a1ng hi\u1ec7u.<br><strong>Mua h\u00e0ng<\/strong> Cung c\u1ea5p c\u00e1c s\u1ea3n ph\u1ea9m khuy\u1ebfn m\u1ea1i ph\u00f9 h\u1ee3p v\u1edbi ng\u00e2n s\u00e1ch v\u00e0 chi\u1ebfn l\u01b0\u1ee3c ti\u1ebfp th\u1ecb c\u1ee7a b\u1ea1n.<br><strong>D\u1ecbch v\u1ee5 b\u00e1o gi\u00e1:<\/strong> Gi\u00e1 c\u1ea3 k\u1ecbp th\u1eddi v\u00e0 c\u1ea1nh tranh \u0111\u1ec3 l\u00e0m cho b\u1ea1n n\u1ed5i b\u1eadt.<br><strong>D\u1ecbch v\u1ee5 l\u1ea5y m\u1eabu:<\/strong> \u0110\u1ea3m b\u1ea3o s\u1ef1 h\u00e0i l\u00f2ng b\u1eb1ng c\u00e1ch ki\u1ec3m tra thi\u1ebft k\u1ebf v\u00e0 ch\u1ea5t l\u01b0\u1ee3ng tr\u01b0\u1edbc khi s\u1ea3n xu\u1ea5t s\u1ed1 l\u01b0\u1ee3ng l\u1edbn.<br><strong>Qu\u1ea3n l\u00fd s\u1ea3n xu\u1ea5t:<\/strong> \u0110\u1ea3m b\u1ea3o th\u1ef1c hi\u1ec7n \u0111\u01a1n h\u00e0ng v\u1edbi s\u1ef1 ch\u00fa \u00fd \u0111\u1ebfn t\u1eebng chi ti\u1ebft s\u1ea3n xu\u1ea5t \u0111\u1ec3 \u0111\u00e1p \u1ee9ng c\u00e1c ti\u00eau chu\u1ea9n c\u1ee7a ng\u00e0nh.<br><strong>Theo d\u00f5i \u0111\u01a1n h\u00e0ng:<\/strong> Theo d\u00f5i \u0111\u01a1n h\u00e0ng v\u1ec1 t\u00ecnh tr\u1ea1ng ti\u1ebfn \u0111\u1ed9 v\u00e0 ng\u00e0y giao h\u00e0ng \u01b0\u1edbc t\u00ednh.<br><strong>Ki\u1ec3m tra ch\u1ea5t l\u01b0\u1ee3ng: <\/strong>Nh\u00e2n vi\u00ean ki\u1ec3m so\u00e1t ch\u1ea5t l\u01b0\u1ee3ng c\u1ee7a ch\u00fang t\u00f4i ki\u1ec3m tra nghi\u00eam ng\u1eb7t \u0111\u1ec3 ph\u00f9 h\u1ee3p v\u1edbi ch\u1ea5t l\u01b0\u1ee3ng m\u1eabu trong s\u1ea3n xu\u1ea5t s\u1ed1 l\u01b0\u1ee3ng l\u1edbn.<br><strong>Gi\u1ea3i ph\u00e1p h\u1eadu c\u1ea7n:<\/strong> C\u00e1c gi\u1ea3i ph\u00e1p h\u1eadu c\u1ea7n ph\u00f9 h\u1ee3p \u0111\u1ec3 giao h\u00e0ng nhanh ch\u00f3ng d\u1ef1a tr\u00ean nh\u1eefng c\u00e2n nh\u1eafc th\u1ef1c t\u1ebf.<br><strong>D\u1ecbch v\u1ee5 sau b\u00e1n h\u00e0ng: <\/strong>\u01afu ti\u00ean ph\u1ea3n h\u1ed3i c\u1ee7a kh\u00e1ch h\u00e0ng, gi\u1ea3i quy\u1ebft k\u1ecbp th\u1eddi c\u00e1c v\u01b0\u1edbng m\u1eafc nh\u1eb1m n\u00e2ng cao tr\u1ea3i nghi\u1ec7m giao d\u1ecbch.<br><\/p><\/div><\/div>\n<\/div>\n<\/div><\/div>","protected":false},"excerpt":{"rendered":"<p>\u2014 Welcome About Us Ningbo HowJoo International Trade Co., Ltd.<\/p>","protected":false},"author":1,"featured_media":0,"parent":0,"menu_order":0,"comment_status":"closed","ping_status":"closed","template":"","meta":{"_uag_custom_page_level_css":"","_swt_meta_header_display":false,"_swt_meta_footer_display":false,"_swt_meta_site_title_display":true,"_swt_meta_sticky_header":false,"_swt_meta_transparent_header":false,"footnotes":""},"class_list":["post-27","page","type-page","status-publish","hentry"],"uagb_featured_image_src":{"full":false,"thumbnail":false,"medium":false,"medium_large":false,"large":false,"1536x1536":false,"2048x2048":false,"trp-custom-language-flag":false},"uagb_author_info":{"display_name":"howjoo1","author_link":"https:\/\/howjoo.com\/vi\/author\/howjoo1\/"},"uagb_comment_info":0,"uagb_excerpt":"\u2014 Welcome About Us Ningbo HowJoo International Trade Co., Ltd.","_links":{"self":[{"href":"https:\/\/howjoo.com\/vi\/wp-json\/wp\/v2\/pages\/27","targetHints":{"allow":["GET"]}}],"collection":[{"href":"https:\/\/howjoo.com\/vi\/wp-json\/wp\/v2\/pages"}],"about":[{"href":"https:\/\/howjoo.com\/vi\/wp-json\/wp\/v2\/types\/page"}],"author":[{"embeddable":true,"href":"https:\/\/howjoo.com\/vi\/wp-json\/wp\/v2\/users\/1"}],"replies":[{"embeddable":true,"href":"https:\/\/howjoo.com\/vi\/wp-json\/wp\/v2\/comments?post=27"}],"version-history":[{"count":72,"href":"https:\/\/howjoo.com\/vi\/wp-json\/wp\/v2\/pages\/27\/revisions"}],"predecessor-version":[{"id":6440,"href":"https:\/\/howjoo.com\/vi\/wp-json\/wp\/v2\/pages\/27\/revisions\/6440"}],"wp:attachment":[{"href":"https:\/\/howjoo.com\/vi\/wp-json\/wp\/v2\/media?parent=27"}],"curies":[{"name":"wp","href":"https:\/\/api.w.org\/{rel}","templated":true}]}}