{"id":11,"date":"2024-03-19T06:00:51","date_gmt":"2024-03-19T06:00:51","guid":{"rendered":"https:\/\/howjoo.com\/?page_id=11"},"modified":"2025-01-07T14:37:31","modified_gmt":"2025-01-07T06:37:31","slug":"blog","status":"publish","type":"page","link":"https:\/\/howjoo.com\/tr\/blog\/","title":{"rendered":"Blog"},"content":{"rendered":"<div class=\"wp-block-uagb-container uagb-block-a9de8738 alignfull uagb-is-root-container\"><div class=\"uagb-container-inner-blocks-wrap\">\n<div class=\"wp-block-uagb-advanced-heading uagb-block-44c41ad3\"><h1 class=\"uagb-heading-text\">BLOG<\/h1><\/div>\n<\/div><\/div>\n\n\n\n<div class=\"wp-block-uagb-container uagb-block-031cd0a5 alignfull uagb-is-root-container\"><div class=\"uagb-container-inner-blocks-wrap\">\n<div class=\"wp-block-uagb-container uagb-block-607fe128\"><div class=\"breadcrumbs alignleft  wp-block-bcn-breadcrumb-trail has-text-color has-background\" vocab=\"https:\/\/schema.org\/\" typeof=\"BreadcrumbList\">\n\t<span><\/span>\n\t<span property=\"itemListElement\" typeof=\"ListItem\"><a property=\"item\" typeof=\"WebPage\" title=\"HowJoo Promosyon \u00dcr\u00fcnleri&#039;ne gidin.\" href=\"https:\/\/howjoo.com\/tr\" class=\"home\" aria-current=\"page\"><span property=\"name\">Ev<\/span><\/a><meta property=\"position\" content=\"1\"><\/span><\/div>\n<\/div>\n\n\n\n<div class=\"wp-block-uagb-container uagb-block-7fb0fe07\"><form role=\"search\" method=\"get\" action=\"https:\/\/howjoo.com\/tr\/\" class=\"wp-block-search__button-outside wp-block-search__text-button alignright is-style-swt-search-minimal wp-block-search\" data-trp-original-action=\"https:\/\/howjoo.com\/tr\/\"    ><label class=\"wp-block-search__label screen-reader-text\" for=\"wp-block-search__input-1\"  style=\"font-size: 12px\">Arama<\/label><div class=\"wp-block-search__inside-wrapper\"  style=\"width: 100%\"><input class=\"wp-block-search__input\" id=\"wp-block-search__input-1\" placeholder=\"\" value=\"\" type=\"search\" name=\"s\" required style=\"font-size: 12px\"\/><button aria-label=\"Arama\" class=\"wp-block-search__button wp-element-button\" type=\"submit\"  style=\"font-size: 12px\">Arama<\/button><\/div><input type=\"hidden\" name=\"trp-form-language\" value=\"tr\"\/><\/form><\/div>\n<\/div><\/div>\n\n\n\n<div class=\"wp-block-uagb-container uagb-block-0d984028 alignfull uagb-is-root-container\"><div class=\"uagb-container-inner-blocks-wrap\">\n<hr class=\"wp-block-separator has-alpha-channel-opacity is-style-default\"\/>\n<\/div><\/div>\n\n\n\n<div class=\"wp-block-uagb-container uagb-block-a62c8d6b alignfull uagb-is-root-container\"><div class=\"uagb-container-inner-blocks-wrap\">\n<div class=\"wp-block-uagb-container uagb-block-b7b95874\">\n<div class=\"wp-block-uagb-advanced-heading uagb-block-bd3da16b\"><\/div>\n\n\n\n\t\t\t<div class=\"wp-block-uagb-post-grid uagb-post-grid  uagb-post__image-position-top uagb-post__image-enabled uagb-block-c3c5e18d     uagb-post__items uagb-post__columns-3 is-grid uagb-post__columns-tablet-2 uagb-post__columns-mobile-1 uagb-post__equal-height\" data-total=\"1\" style=\"\">\n\n\t\t\t\t\t\t\t\t\t\t\t\t<article class=\"uagb-post__inner-wrap\">\t\t\t\t\t\t\t\t<div class='uagb-post__image'>\n\t\t\t\t\t\t\t\t\t<a href=\"https:\/\/howjoo.com\/tr\/bloglar\/cin-promosyon-urunleri-ureticileri-bulusma-yeri\/\" target=\"_self\" rel=\"bookmark noopener noreferrer\" class='uagb-image-ratio-2-3'><img loading=\"lazy\" decoding=\"async\" width=\"600\" height=\"398\" src=\"https:\/\/howjoo.com\/wp-content\/uploads\/2024\/08\/factory.webp\" class=\"attachment-medium_large size-medium_large\" alt=\"\" srcset=\"https:\/\/howjoo.com\/wp-content\/uploads\/2024\/08\/factory.webp 600w, https:\/\/howjoo.com\/wp-content\/uploads\/2024\/08\/factory-300x199.webp 300w, https:\/\/howjoo.com\/wp-content\/uploads\/2024\/08\/factory-18x12.webp 18w\" sizes=\"auto, (max-width: 600px) 100vw, 600px\" \/>\t\t\t\t\t<\/a>\n\t\t\t\t\t\t\t<\/div>\n\t\t\t\t\t\t<h4 class=\"uagb-post__title uagb-post__text\">\n\t\t\t\t<a href=\"https:\/\/howjoo.com\/tr\/bloglar\/cin-promosyon-urunleri-ureticileri-bulusma-yeri\/\" target=\"_self\" rel=\"bookmark noopener noreferrer\">\u00c7in \u00dcreticileri Pop\u00fcler Promosyon \u00dcr\u00fcnlerinin Toplanma Yeri<\/a>\n\t\t\t<\/h4>\n\t\t\t\t\t\t<div class='uagb-post__text uagb-post-grid-byline'>\n\t\t\t\t\t\t\t\t<time datetime=\"2024-08-07T15:20:30+08:00\" class=\"uagb-post__date\">\n\t\t\t\t\t\t\t\t\t07\/08\/2024\t\t\t\t<\/time>\n\t\t\t\t\t\t<\/div>\n\t\t\t\t\t\t\t<div class='uagb-post__text uagb-post__excerpt'>\n\t\t\t\t\t<p>\u00c7in \u00dcreticileri Pop\u00fcler Promosyon \u00dcr\u00fcnlerinin Bulu\u015fma Yeri 80% D\u00fcnyan\u0131n Promosyon Hediyelerinin...\t\t\t\t<\/div>\n\t\t\t\t\t\t<div class=\"uagb-post__text uagb-post__cta wp-block-button\">\n\t\t\t\t<a class=\"wp-block-button__link uagb-text-link\" href=\"https:\/\/howjoo.com\/tr\/bloglar\/cin-promosyon-urunleri-ureticileri-bulusma-yeri\/\" target=\"_self\" rel=\"bookmark noopener noreferrer\">Daha fazla bilgi edinin<\/a>\n\t\t\t<\/div>\n\t\t\t\t\t\t\t\t\t\t\t\t<\/article>\n\t\t\t\t\t\t\t\t\t\t\t\t\t\t\t\t<article class=\"uagb-post__inner-wrap\">\t\t\t\t\t\t\t\t<div class='uagb-post__image'>\n\t\t\t\t\t\t\t\t\t<a href=\"https:\/\/howjoo.com\/tr\/bloglar\/ci\u0307nden-promosyon-urunleri\u0307-i\u0307thal-etmek-i\u0307ci\u0307n-i\u0307puclari\/\" target=\"_self\" rel=\"bookmark noopener noreferrer\" class='uagb-image-ratio-2-3'><img loading=\"lazy\" decoding=\"async\" width=\"600\" height=\"400\" src=\"https:\/\/howjoo.com\/wp-content\/uploads\/2024\/08\/import-promo-products-from-china.webp\" class=\"attachment-medium_large size-medium_large\" alt=\"\u00e7i\u0307n&#039;den promosyon \u00fcr\u00fcnleri\u0307 i\u0307thal edi\u0307n\" srcset=\"https:\/\/howjoo.com\/wp-content\/uploads\/2024\/08\/import-promo-products-from-china.webp 600w, https:\/\/howjoo.com\/wp-content\/uploads\/2024\/08\/import-promo-products-from-china-300x200.webp 300w, https:\/\/howjoo.com\/wp-content\/uploads\/2024\/08\/import-promo-products-from-china-18x12.webp 18w\" sizes=\"auto, (max-width: 600px) 100vw, 600px\" \/>\t\t\t\t\t<\/a>\n\t\t\t\t\t\t\t<\/div>\n\t\t\t\t\t\t<h4 class=\"uagb-post__title uagb-post__text\">\n\t\t\t\t<a href=\"https:\/\/howjoo.com\/tr\/bloglar\/ci\u0307nden-promosyon-urunleri\u0307-i\u0307thal-etmek-i\u0307ci\u0307n-i\u0307puclari\/\" target=\"_self\" rel=\"bookmark noopener noreferrer\">\u00c7in'den \u00d6zel Promosyon \u00dcr\u00fcnleri \u0130thal Etmek \u0130\u00e7in \u0130pu\u00e7lar\u0131<\/a>\n\t\t\t<\/h4>\n\t\t\t\t\t\t<div class='uagb-post__text uagb-post-grid-byline'>\n\t\t\t\t\t\t\t\t<time datetime=\"2024-08-01T15:28:07+08:00\" class=\"uagb-post__date\">\n\t\t\t\t\t\t\t\t\t01\/08\/2024\t\t\t\t<\/time>\n\t\t\t\t\t\t<\/div>\n\t\t\t\t\t\t\t<div class='uagb-post__text uagb-post__excerpt'>\n\t\t\t\t\t<p>\u00c7in'den \u00d6zel Promosyon \u00dcr\u00fcnleri \u0130thal Etmek \u0130\u00e7in \u0130pu\u00e7lar\u0131 Promosyon hediye sekt\u00f6r\u00fcndeyseniz...\t\t\t\t<\/div>\n\t\t\t\t\t\t<div class=\"uagb-post__text uagb-post__cta wp-block-button\">\n\t\t\t\t<a class=\"wp-block-button__link uagb-text-link\" href=\"https:\/\/howjoo.com\/tr\/bloglar\/ci\u0307nden-promosyon-urunleri\u0307-i\u0307thal-etmek-i\u0307ci\u0307n-i\u0307puclari\/\" target=\"_self\" rel=\"bookmark noopener noreferrer\">Daha fazla bilgi edinin<\/a>\n\t\t\t<\/div>\n\t\t\t\t\t\t\t\t\t\t\t\t<\/article>\n\t\t\t\t\t\t\t\t\t\t\t\t\t\t\t\t<article class=\"uagb-post__inner-wrap\">\t\t\t\t\t\t\t\t<div class='uagb-post__image'>\n\t\t\t\t\t\t\t\t\t<a href=\"https:\/\/howjoo.com\/tr\/bloglar\/promosyon-urunleri-is-dunyasina-nasil-yardimci-olur\/\" target=\"_self\" rel=\"bookmark noopener noreferrer\" class='uagb-image-ratio-2-3'><img loading=\"lazy\" decoding=\"async\" width=\"600\" height=\"400\" src=\"https:\/\/howjoo.com\/wp-content\/uploads\/2024\/06\/bga.webp\" class=\"attachment-medium_large size-medium_large\" alt=\"promosyon \u00fcr\u00fcnleri\u0307ni\u0307n avantajlari\" srcset=\"https:\/\/howjoo.com\/wp-content\/uploads\/2024\/06\/bga.webp 600w, https:\/\/howjoo.com\/wp-content\/uploads\/2024\/06\/bga-300x200.webp 300w\" sizes=\"auto, (max-width: 600px) 100vw, 600px\" \/>\t\t\t\t\t<\/a>\n\t\t\t\t\t\t\t<\/div>\n\t\t\t\t\t\t<h4 class=\"uagb-post__title uagb-post__text\">\n\t\t\t\t<a href=\"https:\/\/howjoo.com\/tr\/bloglar\/promosyon-urunleri-is-dunyasina-nasil-yardimci-olur\/\" target=\"_self\" rel=\"bookmark noopener noreferrer\">Promosyon \u00fcr\u00fcnleri i\u015f d\u00fcnyas\u0131na nas\u0131l yard\u0131mc\u0131 olur?<\/a>\n\t\t\t<\/h4>\n\t\t\t\t\t\t<div class='uagb-post__text uagb-post-grid-byline'>\n\t\t\t\t\t\t\t\t<time datetime=\"2024-06-21T15:48:56+08:00\" class=\"uagb-post__date\">\n\t\t\t\t\t\t\t\t\t21\/06\/2024\t\t\t\t<\/time>\n\t\t\t\t\t\t<\/div>\n\t\t\t\t\t\t\t<div class='uagb-post__text uagb-post__excerpt'>\n\t\t\t\t\t<p>- Promosyon \u00dcr\u00fcnleri \u0130\u015fletmelere Nas\u0131l Yard\u0131mc\u0131 Olur? Mevcut \u00e7e\u015fitli pazarlama y\u00f6ntemleri aras\u0131nda, \u00fcr\u00fcnleri tan\u0131tmak...\t\t\t\t<\/div>\n\t\t\t\t\t\t<div class=\"uagb-post__text uagb-post__cta wp-block-button\">\n\t\t\t\t<a class=\"wp-block-button__link uagb-text-link\" href=\"https:\/\/howjoo.com\/tr\/bloglar\/promosyon-urunleri-is-dunyasina-nasil-yardimci-olur\/\" target=\"_self\" rel=\"bookmark noopener noreferrer\">Daha fazla bilgi edinin<\/a>\n\t\t\t<\/div>\n\t\t\t\t\t\t\t\t\t\t\t\t<\/article>\n\t\t\t\t\t\t\t\t\t\t\t<\/div>\n\t\t\t<\/div>\n\n\n\n<div class=\"wp-block-uagb-container uagb-block-1bf3d586\">\n<div class=\"wp-block-uagb-container uagb-block-39ec7b54\">\n<h6 class=\"wp-block-heading has-text-align-left has-tertiary-color has-text-color has-background has-link-color has-medium-font-size wp-elements-c2024653b34b85a92bd5f8bed272c496\" style=\"background-color:#0c2d73e6;padding-top:var(--wp--preset--spacing--xxx-small);padding-bottom:var(--wp--preset--spacing--xxx-small);font-style:normal;font-weight:900;letter-spacing:3px\"><a href=\"https:\/\/howjoo.com\/tr\/category\/products\/\" data-type=\"page\" data-id=\"1202\">\u00dcR\u00dcNLER<\/a><\/h6>\n<\/div>\n\n\n\n<div class=\"wp-block-uagb-container uagb-block-89e7db30\">\t\t\t\t<div class = \"wp-block-uagb-taxonomy-list uagb-taxonomy__outer-wrap uagb-layout-grid uagb-block-c37ed29b\" style=\"\">\n\t\t\t\t\t\t\t\t\t\t\t\t\n\t\t\t\t\t\t<div class=\"uagb-taxomony-box\">\n\t\t\t\t\t\t\t<a class=\"uagb-tax-link\" href= \"https:\/\/howjoo.com\/tr\/category\/giyim-tekstili\/\">\n\t\t\t\t\t\t\t\t<div class=\"uagb-tax-title\">Haz\u0131r Giyim ve Tekstil\t\t\t\t\t\t\t\t<\/div>\n\t\t\t\t\t\t\t\t\t\t\t\t\t\t\t<\/a>\n\t\t\t\t\t\t<\/div>\n\t\t\t\t\t\t\t\n\t\t\t\t\t\t<div class=\"uagb-taxomony-box\">\n\t\t\t\t\t\t\t<a class=\"uagb-tax-link\" href= \"https:\/\/howjoo.com\/tr\/category\/cantalar\/\">\n\t\t\t\t\t\t\t\t<div class=\"uagb-tax-title\">\u00c7antalar\t\t\t\t\t\t\t\t<\/div>\n\t\t\t\t\t\t\t\t\t\t\t\t\t\t\t<\/a>\n\t\t\t\t\t\t<\/div>\n\t\t\t\t\t\t\t\n\t\t\t\t\t\t<div class=\"uagb-taxomony-box\">\n\t\t\t\t\t\t\t<a class=\"uagb-tax-link\" href= \"https:\/\/howjoo.com\/tr\/category\/bloglar\/\">\n\t\t\t\t\t\t\t\t<div class=\"uagb-tax-title\">Bloglar\t\t\t\t\t\t\t\t<\/div>\n\t\t\t\t\t\t\t\t\t\t\t\t\t\t\t<\/a>\n\t\t\t\t\t\t<\/div>\n\t\t\t\t\t\t\t\n\t\t\t\t\t\t<div class=\"uagb-taxomony-box\">\n\t\t\t\t\t\t\t<a class=\"uagb-tax-link\" href= \"https:\/\/howjoo.com\/tr\/category\/konferans-ve-sergi\/\">\n\t\t\t\t\t\t\t\t<div class=\"uagb-tax-title\">Konferans ve Sergi\t\t\t\t\t\t\t\t<\/div>\n\t\t\t\t\t\t\t\t\t\t\t\t\t\t\t<\/a>\n\t\t\t\t\t\t<\/div>\n\t\t\t\t\t\t\t\n\t\t\t\t\t\t<div class=\"uagb-taxomony-box\">\n\t\t\t\t\t\t\t<a class=\"uagb-tax-link\" href= \"https:\/\/howjoo.com\/tr\/category\/masa-aksesuarlari\/\">\n\t\t\t\t\t\t\t\t<div class=\"uagb-tax-title\">Masa Aksesuarlar\u0131\t\t\t\t\t\t\t\t<\/div>\n\t\t\t\t\t\t\t\t\t\t\t\t\t\t\t<\/a>\n\t\t\t\t\t\t<\/div>\n\t\t\t\t\t\t\t\n\t\t\t\t\t\t<div class=\"uagb-taxomony-box\">\n\t\t\t\t\t\t\t<a class=\"uagb-tax-link\" href= \"https:\/\/howjoo.com\/tr\/category\/icki-takimlari\/\">\n\t\t\t\t\t\t\t\t<div class=\"uagb-tax-title\">\u0130\u00e7ecek E\u015fyalar\u0131\t\t\t\t\t\t\t\t<\/div>\n\t\t\t\t\t\t\t\t\t\t\t\t\t\t\t<\/a>\n\t\t\t\t\t\t<\/div>\n\t\t\t\t\t\t\t\n\t\t\t\t\t\t<div class=\"uagb-taxomony-box\">\n\t\t\t\t\t\t\t<a class=\"uagb-tax-link\" href= \"https:\/\/howjoo.com\/tr\/category\/eglence-bos-zaman\/\">\n\t\t\t\t\t\t\t\t<div class=\"uagb-tax-title\">E\u011flence &amp; Dinlence\t\t\t\t\t\t\t\t<\/div>\n\t\t\t\t\t\t\t\t\t\t\t\t\t\t\t<\/a>\n\t\t\t\t\t\t<\/div>\n\t\t\t\t\t\t\t\n\t\t\t\t\t\t<div class=\"uagb-taxomony-box\">\n\t\t\t\t\t\t\t<a class=\"uagb-tax-link\" href= \"https:\/\/howjoo.com\/tr\/category\/ev\/\">\n\t\t\t\t\t\t\t\t<div class=\"uagb-tax-title\">Hane halk\u0131\t\t\t\t\t\t\t\t<\/div>\n\t\t\t\t\t\t\t\t\t\t\t\t\t\t\t<\/a>\n\t\t\t\t\t\t<\/div>\n\t\t\t\t\t\t\t\n\t\t\t\t\t\t<div class=\"uagb-taxomony-box\">\n\t\t\t\t\t\t\t<a class=\"uagb-tax-link\" href= \"https:\/\/howjoo.com\/tr\/category\/ofis-yazilari\/\">\n\t\t\t\t\t\t\t\t<div class=\"uagb-tax-title\">Ofis ve Yaz\u0131 \u0130\u015fleri\t\t\t\t\t\t\t\t<\/div>\n\t\t\t\t\t\t\t\t\t\t\t\t\t\t\t<\/a>\n\t\t\t\t\t\t<\/div>\n\t\t\t\t\t\t\t\n\t\t\t\t\t\t<div class=\"uagb-taxomony-box\">\n\t\t\t\t\t\t\t<a class=\"uagb-tax-link\" href= \"https:\/\/howjoo.com\/tr\/category\/kisisel-bakim\/\">\n\t\t\t\t\t\t\t\t<div class=\"uagb-tax-title\">Ki\u015fisel Bak\u0131m\t\t\t\t\t\t\t\t<\/div>\n\t\t\t\t\t\t\t\t\t\t\t\t\t\t\t<\/a>\n\t\t\t\t\t\t<\/div>\n\t\t\t\t\t\t\t\n\t\t\t\t\t\t<div class=\"uagb-taxomony-box\">\n\t\t\t\t\t\t\t<a class=\"uagb-tax-link\" href= \"https:\/\/howjoo.com\/tr\/category\/spor-etkinlikleri\/\">\n\t\t\t\t\t\t\t\t<div class=\"uagb-tax-title\">Spor ve Etkinlikler\t\t\t\t\t\t\t\t<\/div>\n\t\t\t\t\t\t\t\t\t\t\t\t\t\t\t<\/a>\n\t\t\t\t\t\t<\/div>\n\t\t\t\t\t\t\t\n\t\t\t\t\t\t<div class=\"uagb-taxomony-box\">\n\t\t\t\t\t\t\t<a class=\"uagb-tax-link\" href= \"https:\/\/howjoo.com\/tr\/category\/teknoloji\/\">\n\t\t\t\t\t\t\t\t<div class=\"uagb-tax-title\">Teknoloji\t\t\t\t\t\t\t\t<\/div>\n\t\t\t\t\t\t\t\t\t\t\t\t\t\t\t<\/a>\n\t\t\t\t\t\t<\/div>\n\t\t\t\t\t\t\t\n\t\t\t\t\t\t<div class=\"uagb-taxomony-box\">\n\t\t\t\t\t\t\t<a class=\"uagb-tax-link\" href= \"https:\/\/howjoo.com\/tr\/category\/araclar\/\">\n\t\t\t\t\t\t\t\t<div class=\"uagb-tax-title\">Ara\u00e7lar\t\t\t\t\t\t\t\t<\/div>\n\t\t\t\t\t\t\t\t\t\t\t\t\t\t\t<\/a>\n\t\t\t\t\t\t<\/div>\n\t\t\t\t\t\t\t\n\t\t\t\t\t\t<div class=\"uagb-taxomony-box\">\n\t\t\t\t\t\t\t<a class=\"uagb-tax-link\" href= \"https:\/\/howjoo.com\/tr\/category\/acik-havada-seyahat\/\">\n\t\t\t\t\t\t\t\t<div class=\"uagb-tax-title\">Seyahat &amp; D\u0131\u015f Mekan\t\t\t\t\t\t\t\t<\/div>\n\t\t\t\t\t\t\t\t\t\t\t\t\t\t\t<\/a>\n\t\t\t\t\t\t<\/div>\n\t\t\t\t\t\t\t\t\t\t\t\t\t\t\t\t\t\t\t\t\t\t\t<\/div>\n\n\t\t\t<\/div>\n\n\n\n<div class=\"wp-block-uagb-container uagb-block-e7a1788b\">\n<div class=\"wp-block-uagb-container uagb-block-9665f06f\">\n<h6 class=\"wp-block-heading has-tertiary-color has-text-color has-background has-link-color has-medium-font-size wp-elements-7a2babfd7e7f5957b24db787e447864a\" style=\"background-color:#0c2d73e6;padding-top:var(--wp--preset--spacing--xxx-small);padding-bottom:var(--wp--preset--spacing--xxx-small);font-style:normal;font-weight:800;letter-spacing:3px\">TAG BULUT<\/h6>\n<\/div>\n\n\n\n<div class=\"wp-block-uagb-container uagb-block-804c7c6f\"><\/div>\n<\/div>\n<\/div>\n<\/div><\/div>","protected":false},"excerpt":{"rendered":"<p>BLOG PRODUCTS TAG CLOUD<\/p>","protected":false},"author":1,"featured_media":0,"parent":0,"menu_order":0,"comment_status":"closed","ping_status":"closed","template":"","meta":{"_uag_custom_page_level_css":"","_swt_meta_header_display":false,"_swt_meta_footer_display":false,"_swt_meta_site_title_display":true,"_swt_meta_sticky_header":false,"_swt_meta_transparent_header":false,"footnotes":""},"class_list":["post-11","page","type-page","status-publish","hentry"],"uagb_featured_image_src":{"full":false,"thumbnail":false,"medium":false,"medium_large":false,"large":false,"1536x1536":false,"2048x2048":false,"trp-custom-language-flag":false},"uagb_author_info":{"display_name":"howjoo1","author_link":"https:\/\/howjoo.com\/tr\/author\/howjoo1\/"},"uagb_comment_info":0,"uagb_excerpt":"BLOG PRODUCTS TAG CLOUD","_links":{"self":[{"href":"https:\/\/howjoo.com\/tr\/wp-json\/wp\/v2\/pages\/11","targetHints":{"allow":["GET"]}}],"collection":[{"href":"https:\/\/howjoo.com\/tr\/wp-json\/wp\/v2\/pages"}],"about":[{"href":"https:\/\/howjoo.com\/tr\/wp-json\/wp\/v2\/types\/page"}],"author":[{"embeddable":true,"href":"https:\/\/howjoo.com\/tr\/wp-json\/wp\/v2\/users\/1"}],"replies":[{"embeddable":true,"href":"https:\/\/howjoo.com\/tr\/wp-json\/wp\/v2\/comments?post=11"}],"version-history":[{"count":29,"href":"https:\/\/howjoo.com\/tr\/wp-json\/wp\/v2\/pages\/11\/revisions"}],"predecessor-version":[{"id":6439,"href":"https:\/\/howjoo.com\/tr\/wp-json\/wp\/v2\/pages\/11\/revisions\/6439"}],"wp:attachment":[{"href":"https:\/\/howjoo.com\/tr\/wp-json\/wp\/v2\/media?parent=11"}],"curies":[{"name":"wp","href":"https:\/\/api.w.org\/{rel}","templated":true}]}}