{"id":27,"date":"2024-03-19T06:53:54","date_gmt":"2024-03-19T06:53:54","guid":{"rendered":"https:\/\/howjoo.com\/?page_id=27"},"modified":"2025-01-07T14:39:11","modified_gmt":"2025-01-07T06:39:11","slug":"about-us","status":"publish","type":"page","link":"https:\/\/howjoo.com\/pt\/sobre-nos\/","title":{"rendered":"Sobre n\u00f3s"},"content":{"rendered":"<div class=\"wp-block-uagb-container uag-blocks-common-selector uagb-block-72af0111 alignfull uagb-is-root-container\"><div class=\"uagb-container-inner-blocks-wrap\">\n<div class=\"wp-block-uagb-advanced-heading uagb-block-61ed7520\"><h6 class=\"uagb-heading-text\">- Bem-vindo<\/h6><\/div>\n\n\n\n<div class=\"wp-block-uagb-advanced-heading uagb-block-4a483d8e\"><h1 class=\"uagb-heading-text\">Sobre n\u00f3s<\/h1><\/div>\n<\/div><\/div>\n\n\n\n<div class=\"wp-block-uagb-container uagb-block-23e7ad8b alignfull uagb-is-root-container\"><div class=\"uagb-container-inner-blocks-wrap\"><div class=\"breadcrumbs align wp-elements-8de87235d4300ab57edccff768f490b0 wp-block-bcn-breadcrumb-trail has-text-color has-primary-color has-background\" vocab=\"https:\/\/schema.org\/\" typeof=\"BreadcrumbList\">\n\t<span><\/span>\n\t<span property=\"itemListElement\" typeof=\"ListItem\"><a property=\"item\" typeof=\"WebPage\" title=\"Aceder a HowJoo Promotional Products.\" href=\"https:\/\/howjoo.com\/pt\" class=\"home\" aria-current=\"page\"><span property=\"name\">In\u00edcio<\/span><\/a><meta property=\"position\" content=\"1\"><\/span><\/div>\n<\/div><\/div>\n\n\n\n<div class=\"wp-block-uagb-container uagb-block-59396a5b alignfull uagb-is-root-container\"><div class=\"uagb-container-inner-blocks-wrap\">\n<div class=\"wp-block-group alignwide has-global-padding is-layout-constrained wp-container-core-group-is-layout-fa72c8b5 wp-block-group-is-layout-constrained\" style=\"padding-top:var(--wp--preset--spacing--x-large);padding-bottom:var(--wp--preset--spacing--x-large)\">\n<div class=\"wp-block-columns alignwide is-layout-flex wp-container-core-columns-is-layout-00f84694 wp-block-columns-is-layout-flex\">\n<div class=\"wp-block-column is-vertically-aligned-center has-x-small-font-size is-layout-flow wp-block-column-is-layout-flow\">\n<h2 class=\"wp-block-heading has-varela-round-font-family has-large-font-size\" style=\"margin-bottom:var(--wp--preset--spacing--small)\"><strong>Ningbo HowJoo International Trade Co., Ltd.<\/strong><\/h2>\n\n\n\n<div class=\"wp-block-uagb-icon-list uagb-block-88d5da0c\"><div class=\"uagb-icon-list__wrap\">\n<div class=\"wp-block-uagb-icon-list-child uagb-block-00e2796f\"><span class=\"uagb-icon-list__source-wrap\"><svg xmlns=\"https:\/\/www.w3.org\/2000\/svg\" viewbox=\"0 0 256 512\"><path d=\"M64 448c-8.188 0-16.38-3.125-22.62-9.375c-12.5-12.5-12.5-32.75 0-45.25L178.8 256L41.38 118.6c-12.5-12.5-12.5-32.75 0-45.25s32.75-12.5 45.25 0l160 160c12.5 12.5 12.5 32.75 0 45.25l-160 160C80.38 444.9 72.19 448 64 448z\"><\/path><\/svg><\/span><span class=\"uagb-icon-list__label\"><strong>Ano de cria\u00e7\u00e3o:<\/strong> 2018 <\/span><\/div>\n\n\n\n<div class=\"wp-block-uagb-icon-list-child uagb-block-efc1dbf3\"><span class=\"uagb-icon-list__source-wrap\"><svg xmlns=\"https:\/\/www.w3.org\/2000\/svg\" viewbox=\"0 0 256 512\"><path d=\"M64 448c-8.188 0-16.38-3.125-22.62-9.375c-12.5-12.5-12.5-32.75 0-45.25L178.8 256L41.38 118.6c-12.5-12.5-12.5-32.75 0-45.25s32.75-12.5 45.25 0l160 160c12.5 12.5 12.5 32.75 0 45.25l-160 160C80.38 444.9 72.19 448 64 448z\"><\/path><\/svg><\/span><span class=\"uagb-icon-list__label\"><strong>Pa\u00eds \/ Regi\u00e3o: <\/strong>Ningbo, China. 2 horas de carro de Xangai e Yiwu<\/span><\/div>\n\n\n\n<div class=\"wp-block-uagb-icon-list-child uagb-block-dd5ce7be\"><span class=\"uagb-icon-list__source-wrap\"><svg xmlns=\"https:\/\/www.w3.org\/2000\/svg\" viewbox=\"0 0 256 512\"><path d=\"M64 448c-8.188 0-16.38-3.125-22.62-9.375c-12.5-12.5-12.5-32.75 0-45.25L178.8 256L41.38 118.6c-12.5-12.5-12.5-32.75 0-45.25s32.75-12.5 45.25 0l160 160c12.5 12.5 12.5 32.75 0 45.25l-160 160C80.38 444.9 72.19 448 64 448z\"><\/path><\/svg><\/span><span class=\"uagb-icon-list__label\"><strong>N\u00famero de empregados:<\/strong> 5-10 pessoas <\/span><\/div>\n\n\n\n<div class=\"wp-block-uagb-icon-list-child uagb-block-9cf5634a\"><span class=\"uagb-icon-list__source-wrap\"><svg xmlns=\"https:\/\/www.w3.org\/2000\/svg\" viewbox=\"0 0 256 512\"><path d=\"M64 448c-8.188 0-16.38-3.125-22.62-9.375c-12.5-12.5-12.5-32.75 0-45.25L178.8 256L41.38 118.6c-12.5-12.5-12.5-32.75 0-45.25s32.75-12.5 45.25 0l160 160c12.5 12.5 12.5 32.75 0 45.25l-160 160C80.38 444.9 72.19 448 64 448z\"><\/path><\/svg><\/span><span class=\"uagb-icon-list__label\"><strong>Experi\u00eancia no sector:<\/strong> Mais de 10 anos <\/span><\/div>\n\n\n\n<div class=\"wp-block-uagb-icon-list-child uagb-block-baad180e\"><span class=\"uagb-icon-list__source-wrap\"><svg xmlns=\"https:\/\/www.w3.org\/2000\/svg\" viewbox=\"0 0 256 512\"><path d=\"M64 448c-8.188 0-16.38-3.125-22.62-9.375c-12.5-12.5-12.5-32.75 0-45.25L178.8 256L41.38 118.6c-12.5-12.5-12.5-32.75 0-45.25s32.75-12.5 45.25 0l160 160c12.5 12.5 12.5 32.75 0 45.25l-160 160C80.38 444.9 72.19 448 64 448z\"><\/path><\/svg><\/span><span class=\"uagb-icon-list__label\"><strong>Tipo de neg\u00f3cio:<\/strong> Empresa comercial<\/span><\/div>\n\n\n\n<div class=\"wp-block-uagb-icon-list-child uagb-block-ef2b9a46\"><span class=\"uagb-icon-list__source-wrap\"><svg xmlns=\"https:\/\/www.w3.org\/2000\/svg\" viewbox=\"0 0 256 512\"><path d=\"M64 448c-8.188 0-16.38-3.125-22.62-9.375c-12.5-12.5-12.5-32.75 0-45.25L178.8 256L41.38 118.6c-12.5-12.5-12.5-32.75 0-45.25s32.75-12.5 45.25 0l160 160c12.5 12.5 12.5 32.75 0 45.25l-160 160C80.38 444.9 72.19 448 64 448z\"><\/path><\/svg><\/span><span class=\"uagb-icon-list__label\"><strong>Receita anual total:<\/strong> 0,6 milh\u00f5es de d\u00f3lares americanos - 1 milh\u00e3o de d\u00f3lares americanos  <\/span><\/div>\n\n\n\n<div class=\"wp-block-uagb-icon-list-child uagb-block-41514753\"><span class=\"uagb-icon-list__source-wrap\"><svg xmlns=\"https:\/\/www.w3.org\/2000\/svg\" viewbox=\"0 0 256 512\"><path d=\"M64 448c-8.188 0-16.38-3.125-22.62-9.375c-12.5-12.5-12.5-32.75 0-45.25L178.8 256L41.38 118.6c-12.5-12.5-12.5-32.75 0-45.25s32.75-12.5 45.25 0l160 160c12.5 12.5 12.5 32.75 0 45.25l-160 160C80.38 444.9 72.19 448 64 448z\"><\/path><\/svg><\/span><span class=\"uagb-icon-list__label\"><strong>N\u00famero de clientes:<\/strong> Mais de 200 clientes  <\/span><\/div>\n\n\n\n<div class=\"wp-block-uagb-icon-list-child uagb-block-7ea7e6de\"><span class=\"uagb-icon-list__source-wrap\"><svg xmlns=\"https:\/\/www.w3.org\/2000\/svg\" viewbox=\"0 0 256 512\"><path d=\"M64 448c-8.188 0-16.38-3.125-22.62-9.375c-12.5-12.5-12.5-32.75 0-45.25L178.8 256L41.38 118.6c-12.5-12.5-12.5-32.75 0-45.25s32.75-12.5 45.25 0l160 160c12.5 12.5 12.5 32.75 0 45.25l-160 160C80.38 444.9 72.19 448 64 448z\"><\/path><\/svg><\/span><span class=\"uagb-icon-list__label\"><strong>Principais mercados:<\/strong> Europa, Am\u00e9rica do Norte, \u00c1sia, M\u00e9dio Oriente <\/span><\/div>\n\n\n\n<div class=\"wp-block-uagb-icon-list-child uagb-block-3f8141a7\"><span class=\"uagb-icon-list__source-wrap\"><svg xmlns=\"https:\/\/www.w3.org\/2000\/svg\" viewbox=\"0 0 256 512\"><path d=\"M64 448c-8.188 0-16.38-3.125-22.62-9.375c-12.5-12.5-12.5-32.75 0-45.25L178.8 256L41.38 118.6c-12.5-12.5-12.5-32.75 0-45.25s32.75-12.5 45.25 0l160 160c12.5 12.5 12.5 32.75 0 45.25l-160 160C80.38 444.9 72.19 448 64 448z\"><\/path><\/svg><\/span><span class=\"uagb-icon-list__label\"><strong>Categorias principais:<\/strong> Artigos para beber, Divers\u00e3o e lazer, Escrit\u00f3rio e escrita, Viagem e ar livre, Bolsas, etc<\/span><\/div>\n\n\n\n<div class=\"wp-block-uagb-icon-list-child uagb-block-840d5ea5\"><span class=\"uagb-icon-list__source-wrap\"><svg xmlns=\"https:\/\/www.w3.org\/2000\/svg\" viewbox=\"0 0 256 512\"><path d=\"M64 448c-8.188 0-16.38-3.125-22.62-9.375c-12.5-12.5-12.5-32.75 0-45.25L178.8 256L41.38 118.6c-12.5-12.5-12.5-32.75 0-45.25s32.75-12.5 45.25 0l160 160c12.5 12.5 12.5 32.75 0 45.25l-160 160C80.38 444.9 72.19 448 64 448z\"><\/path><\/svg><\/span><span class=\"uagb-icon-list__label\"><strong>Certifica\u00e7\u00f5es:<\/strong> CE, RoHS, FDA, etc <\/span><\/div>\n\n\n\n<div class=\"wp-block-uagb-icon-list-child uagb-block-6f5057fa\"><span class=\"uagb-icon-list__source-wrap\"><svg xmlns=\"https:\/\/www.w3.org\/2000\/svg\" viewbox=\"0 0 256 512\"><path d=\"M64 448c-8.188 0-16.38-3.125-22.62-9.375c-12.5-12.5-12.5-32.75 0-45.25L178.8 256L41.38 118.6c-12.5-12.5-12.5-32.75 0-45.25s32.75-12.5 45.25 0l160 160c12.5 12.5 12.5 32.75 0 45.25l-160 160C80.38 444.9 72.19 448 64 448z\"><\/path><\/svg><\/span><span class=\"uagb-icon-list__label\"><strong>Personaliza\u00e7\u00e3o OEM e ODM:<\/strong> Aceit\u00e1vel <\/span><\/div>\n<\/div><\/div>\n\n\n\n<div class=\"wp-block-uagb-buttons uagb-buttons__outer-wrap uagb-btn__medium-btn uagb-btn-tablet__default-btn uagb-btn-mobile__default-btn uagb-block-65a286c4\"><div class=\"uagb-buttons__wrap uagb-buttons-layout-wrap\">\n<div class=\"wp-block-uagb-buttons-child uagb-buttons__outer-wrap uagb-block-1541b668 wp-block-button\"><div class=\"uagb-button__wrapper\"><a class=\"uagb-buttons-repeater wp-block-button__link\" aria-label=\"\" href=\"https:\/\/howjoo.com\/pt\/contactar-nos\/\" rel=\"follow noopener\" target=\"_self\"><div class=\"uagb-button__link\">Contactar-nos<\/div><\/a><\/div><\/div>\n<\/div><\/div>\n<\/div>\n\n\n\n<div class=\"wp-block-column is-layout-flow wp-block-column-is-layout-flow\">\n<figure class=\"wp-block-image size-large has-custom-border is-style-default\"><img decoding=\"async\" src=\"https:\/\/howjoo.com\/wp-content\/themes\/spectra-one\/assets\/image\/placeholder-landscape.svg\" alt=\"\" class=\"wp-image-86\" style=\"border-radius:8px\"\/><\/figure>\n<\/div>\n<\/div>\n<\/div>\n\n\n\n<div class=\"wp-block-uagb-container uagb-block-c316fa33\">\n<div class=\"wp-block-uagb-info-box uagb-block-305f7bc1 uagb-infobox__content-wrap  uagb-infobox-icon-above-title uagb-infobox-image-valign-top\"><div class=\"uagb-ifb-content\"><div class=\"uagb-ifb-title-wrap\"><h2 class=\"uagb-ifb-title\">Sobre n\u00f3s<\/h2><\/div><p class=\"uagb-ifb-desc\"><strong>ComoJoo<\/strong> \u00e9 um dos principais fornecedores de produtos promocionais na China. Temos mais de 10 anos de experi\u00eancia profissional em fornecimento de produtos, gest\u00e3o de produ\u00e7\u00e3o e log\u00edstica de exporta\u00e7\u00e3o.<br><br>Fornecemos produtos promocionais, brindes impressos e presentes publicit\u00e1rios a uma base de clientes diversificada, incluindo importadores, distribuidores, fornecedores de servi\u00e7os de impress\u00e3o e ag\u00eancias de publicidade na Europa, Am\u00e9rica do Norte, \u00c1sia, etc.<br><br>Dispomos de uma s\u00f3lida rede de fornecimento para ajudar os nossos clientes a encontrar produtos com pre\u00e7os competitivos e de elevada qualidade. Al\u00e9m disso, oferecemos servi\u00e7os de produ\u00e7\u00e3o personalizados para atender \u00e0s necessidades espec\u00edficas e ideias criativas dos nossos clientes.<br><br>O nosso objetivo \u00e9 sermos a sua fonte \u00fanica para capacitar a sua cadeia de fornecimento, ajudando-o a reduzir os custos de aquisi\u00e7\u00e3o, os custos morosos e outros custos ocultos de gest\u00e3o de fornecedores.<\/p><\/div><\/div>\n<\/div>\n\n\n\n<div class=\"wp-block-uagb-container uagb-block-ef4f286d\">\n<div class=\"wp-block-uagb-info-box uagb-block-5d0ba61d uagb-infobox__content-wrap  uagb-infobox-icon-above-title uagb-infobox-image-valign-top\"><div class=\"uagb-ifb-content\"><div class=\"uagb-ifb-title-wrap\"><h2 class=\"uagb-ifb-title\">O que fazemos<\/h2><\/div><p class=\"uagb-ifb-desc\"><strong>Servi\u00e7os de personaliza\u00e7\u00e3o:<\/strong> integrar o seu log\u00f3tipo em artigos promocionais atrav\u00e9s de servi\u00e7os de impress\u00e3o para aumentar a notoriedade da marca.<br><strong>Aquisi\u00e7\u00e3o de produtos:<\/strong> Fornecimento de produtos promocionais adaptados ao seu or\u00e7amento e estrat\u00e9gia de marketing.<br><strong>Servi\u00e7o de cota\u00e7\u00e3o:<\/strong> Pre\u00e7os atempados e competitivos para se destacar.<br><strong>Servi\u00e7o de recolha de amostras:<\/strong> Garantir a satisfa\u00e7\u00e3o atrav\u00e9s do controlo da conce\u00e7\u00e3o e da qualidade antes da produ\u00e7\u00e3o em massa.<br><strong>Gest\u00e3o da produ\u00e7\u00e3o:<\/strong> Garantir a execu\u00e7\u00e3o das encomendas com aten\u00e7\u00e3o a todos os pormenores da produ\u00e7\u00e3o para cumprir as normas da ind\u00fastria.<br><strong>Seguimento da encomenda:<\/strong> Acompanhamento da encomenda para saber o estado de adiantamento e as datas de entrega previstas.<br><strong>Inspe\u00e7\u00e3o da qualidade: <\/strong>O nosso pessoal de controlo de qualidade efectua inspec\u00e7\u00f5es rigorosas para garantir a qualidade das amostras na produ\u00e7\u00e3o a granel.<br><strong>Solu\u00e7\u00f5es log\u00edsticas:<\/strong> Solu\u00e7\u00f5es log\u00edsticas adequadas para uma entrega r\u00e1pida com base em considera\u00e7\u00f5es pr\u00e1ticas.<br><strong>Servi\u00e7o p\u00f3s-venda: <\/strong>Dar prioridade ao feedback dos clientes, respondendo prontamente \u00e0s suas preocupa\u00e7\u00f5es para melhorar a experi\u00eancia da transa\u00e7\u00e3o.<br><\/p><\/div><\/div>\n<\/div>\n<\/div><\/div>","protected":false},"excerpt":{"rendered":"<p>\u2014 Welcome About Us Ningbo HowJoo International Trade Co., Ltd.<\/p>","protected":false},"author":1,"featured_media":0,"parent":0,"menu_order":0,"comment_status":"closed","ping_status":"closed","template":"","meta":{"_uag_custom_page_level_css":"","_swt_meta_header_display":false,"_swt_meta_footer_display":false,"_swt_meta_site_title_display":true,"_swt_meta_sticky_header":false,"_swt_meta_transparent_header":false,"footnotes":""},"class_list":["post-27","page","type-page","status-publish","hentry"],"uagb_featured_image_src":{"full":false,"thumbnail":false,"medium":false,"medium_large":false,"large":false,"1536x1536":false,"2048x2048":false,"trp-custom-language-flag":false},"uagb_author_info":{"display_name":"howjoo1","author_link":"https:\/\/howjoo.com\/pt\/author\/howjoo1\/"},"uagb_comment_info":0,"uagb_excerpt":"\u2014 Welcome About Us Ningbo HowJoo International Trade Co., Ltd.","_links":{"self":[{"href":"https:\/\/howjoo.com\/pt\/wp-json\/wp\/v2\/pages\/27","targetHints":{"allow":["GET"]}}],"collection":[{"href":"https:\/\/howjoo.com\/pt\/wp-json\/wp\/v2\/pages"}],"about":[{"href":"https:\/\/howjoo.com\/pt\/wp-json\/wp\/v2\/types\/page"}],"author":[{"embeddable":true,"href":"https:\/\/howjoo.com\/pt\/wp-json\/wp\/v2\/users\/1"}],"replies":[{"embeddable":true,"href":"https:\/\/howjoo.com\/pt\/wp-json\/wp\/v2\/comments?post=27"}],"version-history":[{"count":72,"href":"https:\/\/howjoo.com\/pt\/wp-json\/wp\/v2\/pages\/27\/revisions"}],"predecessor-version":[{"id":6440,"href":"https:\/\/howjoo.com\/pt\/wp-json\/wp\/v2\/pages\/27\/revisions\/6440"}],"wp:attachment":[{"href":"https:\/\/howjoo.com\/pt\/wp-json\/wp\/v2\/media?parent=27"}],"curies":[{"name":"wp","href":"https:\/\/api.w.org\/{rel}","templated":true}]}}