{"id":27,"date":"2024-03-19T06:53:54","date_gmt":"2024-03-19T06:53:54","guid":{"rendered":"https:\/\/howjoo.com\/?page_id=27"},"modified":"2025-01-07T14:39:11","modified_gmt":"2025-01-07T06:39:11","slug":"about-us","status":"publish","type":"page","link":"https:\/\/howjoo.com\/pl\/o-nas\/","title":{"rendered":"O nas"},"content":{"rendered":"<div class=\"wp-block-uagb-container uag-blocks-common-selector uagb-block-72af0111 alignfull uagb-is-root-container\"><div class=\"uagb-container-inner-blocks-wrap\">\n<div class=\"wp-block-uagb-advanced-heading uagb-block-61ed7520\"><h6 class=\"uagb-heading-text\">- Witamy<\/h6><\/div>\n\n\n\n<div class=\"wp-block-uagb-advanced-heading uagb-block-4a483d8e\"><h1 class=\"uagb-heading-text\">O nas<\/h1><\/div>\n<\/div><\/div>\n\n\n\n<div class=\"wp-block-uagb-container uagb-block-23e7ad8b alignfull uagb-is-root-container\"><div class=\"uagb-container-inner-blocks-wrap\"><div class=\"breadcrumbs align wp-elements-8de87235d4300ab57edccff768f490b0 wp-block-bcn-breadcrumb-trail has-text-color has-primary-color has-background\" vocab=\"https:\/\/schema.org\/\" typeof=\"BreadcrumbList\">\n\t<span><\/span>\n\t<span property=\"itemListElement\" typeof=\"ListItem\"><a property=\"item\" typeof=\"WebPage\" title=\"Przejd\u017a do produkt\u00f3w promocyjnych HowJoo.\" href=\"https:\/\/howjoo.com\/pl\" class=\"home\" aria-current=\"page\"><span property=\"name\">Strona g\u0142\u00f3wna<\/span><\/a><meta property=\"position\" content=\"1\"><\/span><\/div>\n<\/div><\/div>\n\n\n\n<div class=\"wp-block-uagb-container uagb-block-59396a5b alignfull uagb-is-root-container\"><div class=\"uagb-container-inner-blocks-wrap\">\n<div class=\"wp-block-group alignwide has-global-padding is-layout-constrained wp-container-core-group-is-layout-fa72c8b5 wp-block-group-is-layout-constrained\" style=\"padding-top:var(--wp--preset--spacing--x-large);padding-bottom:var(--wp--preset--spacing--x-large)\">\n<div class=\"wp-block-columns alignwide is-layout-flex wp-container-core-columns-is-layout-00f84694 wp-block-columns-is-layout-flex\">\n<div class=\"wp-block-column is-vertically-aligned-center has-x-small-font-size is-layout-flow wp-block-column-is-layout-flow\">\n<h2 class=\"wp-block-heading has-varela-round-font-family has-large-font-size\" style=\"margin-bottom:var(--wp--preset--spacing--small)\"><strong>Ningbo HowJoo International Trade Co., Ltd.<\/strong><\/h2>\n\n\n\n<div class=\"wp-block-uagb-icon-list uagb-block-88d5da0c\"><div class=\"uagb-icon-list__wrap\">\n<div class=\"wp-block-uagb-icon-list-child uagb-block-00e2796f\"><span class=\"uagb-icon-list__source-wrap\"><svg xmlns=\"https:\/\/www.w3.org\/2000\/svg\" viewbox=\"0 0 256 512\"><path d=\"M64 448c-8.188 0-16.38-3.125-22.62-9.375c-12.5-12.5-12.5-32.75 0-45.25L178.8 256L41.38 118.6c-12.5-12.5-12.5-32.75 0-45.25s32.75-12.5 45.25 0l160 160c12.5 12.5 12.5 32.75 0 45.25l-160 160C80.38 444.9 72.19 448 64 448z\"><\/path><\/svg><\/span><span class=\"uagb-icon-list__label\"><strong>Rok za\u0142o\u017cenia:<\/strong> 2018 <\/span><\/div>\n\n\n\n<div class=\"wp-block-uagb-icon-list-child uagb-block-efc1dbf3\"><span class=\"uagb-icon-list__source-wrap\"><svg xmlns=\"https:\/\/www.w3.org\/2000\/svg\" viewbox=\"0 0 256 512\"><path d=\"M64 448c-8.188 0-16.38-3.125-22.62-9.375c-12.5-12.5-12.5-32.75 0-45.25L178.8 256L41.38 118.6c-12.5-12.5-12.5-32.75 0-45.25s32.75-12.5 45.25 0l160 160c12.5 12.5 12.5 32.75 0 45.25l-160 160C80.38 444.9 72.19 448 64 448z\"><\/path><\/svg><\/span><span class=\"uagb-icon-list__label\"><strong>Kraj \/ region: <\/strong>Ningbo, Chiny. 2 godziny jazdy od Szanghaju i Yiwu<\/span><\/div>\n\n\n\n<div class=\"wp-block-uagb-icon-list-child uagb-block-dd5ce7be\"><span class=\"uagb-icon-list__source-wrap\"><svg xmlns=\"https:\/\/www.w3.org\/2000\/svg\" viewbox=\"0 0 256 512\"><path d=\"M64 448c-8.188 0-16.38-3.125-22.62-9.375c-12.5-12.5-12.5-32.75 0-45.25L178.8 256L41.38 118.6c-12.5-12.5-12.5-32.75 0-45.25s32.75-12.5 45.25 0l160 160c12.5 12.5 12.5 32.75 0 45.25l-160 160C80.38 444.9 72.19 448 64 448z\"><\/path><\/svg><\/span><span class=\"uagb-icon-list__label\"><strong>Liczba pracownik\u00f3w:<\/strong> 5-10 os\u00f3b <\/span><\/div>\n\n\n\n<div class=\"wp-block-uagb-icon-list-child uagb-block-9cf5634a\"><span class=\"uagb-icon-list__source-wrap\"><svg xmlns=\"https:\/\/www.w3.org\/2000\/svg\" viewbox=\"0 0 256 512\"><path d=\"M64 448c-8.188 0-16.38-3.125-22.62-9.375c-12.5-12.5-12.5-32.75 0-45.25L178.8 256L41.38 118.6c-12.5-12.5-12.5-32.75 0-45.25s32.75-12.5 45.25 0l160 160c12.5 12.5 12.5 32.75 0 45.25l-160 160C80.38 444.9 72.19 448 64 448z\"><\/path><\/svg><\/span><span class=\"uagb-icon-list__label\"><strong>Do\u015bwiadczenie w bran\u017cy:<\/strong> 10+ lat <\/span><\/div>\n\n\n\n<div class=\"wp-block-uagb-icon-list-child uagb-block-baad180e\"><span class=\"uagb-icon-list__source-wrap\"><svg xmlns=\"https:\/\/www.w3.org\/2000\/svg\" viewbox=\"0 0 256 512\"><path d=\"M64 448c-8.188 0-16.38-3.125-22.62-9.375c-12.5-12.5-12.5-32.75 0-45.25L178.8 256L41.38 118.6c-12.5-12.5-12.5-32.75 0-45.25s32.75-12.5 45.25 0l160 160c12.5 12.5 12.5 32.75 0 45.25l-160 160C80.38 444.9 72.19 448 64 448z\"><\/path><\/svg><\/span><span class=\"uagb-icon-list__label\"><strong>Rodzaj dzia\u0142alno\u015bci:<\/strong> Firma handlowa<\/span><\/div>\n\n\n\n<div class=\"wp-block-uagb-icon-list-child uagb-block-ef2b9a46\"><span class=\"uagb-icon-list__source-wrap\"><svg xmlns=\"https:\/\/www.w3.org\/2000\/svg\" viewbox=\"0 0 256 512\"><path d=\"M64 448c-8.188 0-16.38-3.125-22.62-9.375c-12.5-12.5-12.5-32.75 0-45.25L178.8 256L41.38 118.6c-12.5-12.5-12.5-32.75 0-45.25s32.75-12.5 45.25 0l160 160c12.5 12.5 12.5 32.75 0 45.25l-160 160C80.38 444.9 72.19 448 64 448z\"><\/path><\/svg><\/span><span class=\"uagb-icon-list__label\"><strong>Ca\u0142kowity roczny przych\u00f3d:<\/strong> 0,6 mln USD - 1 mln USD  <\/span><\/div>\n\n\n\n<div class=\"wp-block-uagb-icon-list-child uagb-block-41514753\"><span class=\"uagb-icon-list__source-wrap\"><svg xmlns=\"https:\/\/www.w3.org\/2000\/svg\" viewbox=\"0 0 256 512\"><path d=\"M64 448c-8.188 0-16.38-3.125-22.62-9.375c-12.5-12.5-12.5-32.75 0-45.25L178.8 256L41.38 118.6c-12.5-12.5-12.5-32.75 0-45.25s32.75-12.5 45.25 0l160 160c12.5 12.5 12.5 32.75 0 45.25l-160 160C80.38 444.9 72.19 448 64 448z\"><\/path><\/svg><\/span><span class=\"uagb-icon-list__label\"><strong>Liczba klient\u00f3w:<\/strong> Ponad 200 klient\u00f3w  <\/span><\/div>\n\n\n\n<div class=\"wp-block-uagb-icon-list-child uagb-block-7ea7e6de\"><span class=\"uagb-icon-list__source-wrap\"><svg xmlns=\"https:\/\/www.w3.org\/2000\/svg\" viewbox=\"0 0 256 512\"><path d=\"M64 448c-8.188 0-16.38-3.125-22.62-9.375c-12.5-12.5-12.5-32.75 0-45.25L178.8 256L41.38 118.6c-12.5-12.5-12.5-32.75 0-45.25s32.75-12.5 45.25 0l160 160c12.5 12.5 12.5 32.75 0 45.25l-160 160C80.38 444.9 72.19 448 64 448z\"><\/path><\/svg><\/span><span class=\"uagb-icon-list__label\"><strong>G\u0142\u00f3wne rynki:<\/strong> Europa, Ameryka P\u00f3\u0142nocna, Azja, Bliski Wsch\u00f3d <\/span><\/div>\n\n\n\n<div class=\"wp-block-uagb-icon-list-child uagb-block-3f8141a7\"><span class=\"uagb-icon-list__source-wrap\"><svg xmlns=\"https:\/\/www.w3.org\/2000\/svg\" viewbox=\"0 0 256 512\"><path d=\"M64 448c-8.188 0-16.38-3.125-22.62-9.375c-12.5-12.5-12.5-32.75 0-45.25L178.8 256L41.38 118.6c-12.5-12.5-12.5-32.75 0-45.25s32.75-12.5 45.25 0l160 160c12.5 12.5 12.5 32.75 0 45.25l-160 160C80.38 444.9 72.19 448 64 448z\"><\/path><\/svg><\/span><span class=\"uagb-icon-list__label\"><strong>Kategorie g\u0142\u00f3wne:<\/strong> Naczynia do napoj\u00f3w, Zabawa i wypoczynek, Biuro i pisanie, Podr\u00f3\u017ce i przyroda, Torby itp.<\/span><\/div>\n\n\n\n<div class=\"wp-block-uagb-icon-list-child uagb-block-840d5ea5\"><span class=\"uagb-icon-list__source-wrap\"><svg xmlns=\"https:\/\/www.w3.org\/2000\/svg\" viewbox=\"0 0 256 512\"><path d=\"M64 448c-8.188 0-16.38-3.125-22.62-9.375c-12.5-12.5-12.5-32.75 0-45.25L178.8 256L41.38 118.6c-12.5-12.5-12.5-32.75 0-45.25s32.75-12.5 45.25 0l160 160c12.5 12.5 12.5 32.75 0 45.25l-160 160C80.38 444.9 72.19 448 64 448z\"><\/path><\/svg><\/span><span class=\"uagb-icon-list__label\"><strong>Certyfikaty:<\/strong> CE, RoHS, FDA itp. <\/span><\/div>\n\n\n\n<div class=\"wp-block-uagb-icon-list-child uagb-block-6f5057fa\"><span class=\"uagb-icon-list__source-wrap\"><svg xmlns=\"https:\/\/www.w3.org\/2000\/svg\" viewbox=\"0 0 256 512\"><path d=\"M64 448c-8.188 0-16.38-3.125-22.62-9.375c-12.5-12.5-12.5-32.75 0-45.25L178.8 256L41.38 118.6c-12.5-12.5-12.5-32.75 0-45.25s32.75-12.5 45.25 0l160 160c12.5 12.5 12.5 32.75 0 45.25l-160 160C80.38 444.9 72.19 448 64 448z\"><\/path><\/svg><\/span><span class=\"uagb-icon-list__label\"><strong>Dostosowanie OEM i ODM:<\/strong> Dopuszczalny <\/span><\/div>\n<\/div><\/div>\n\n\n\n<div class=\"wp-block-uagb-buttons uagb-buttons__outer-wrap uagb-btn__medium-btn uagb-btn-tablet__default-btn uagb-btn-mobile__default-btn uagb-block-65a286c4\"><div class=\"uagb-buttons__wrap uagb-buttons-layout-wrap\">\n<div class=\"wp-block-uagb-buttons-child uagb-buttons__outer-wrap uagb-block-1541b668 wp-block-button\"><div class=\"uagb-button__wrapper\"><a class=\"uagb-buttons-repeater wp-block-button__link\" aria-label=\"\" href=\"https:\/\/howjoo.com\/pl\/kontakt\/\" rel=\"follow noopener\" target=\"_self\"><div class=\"uagb-button__link\">Kontakt<\/div><\/a><\/div><\/div>\n<\/div><\/div>\n<\/div>\n\n\n\n<div class=\"wp-block-column is-layout-flow wp-block-column-is-layout-flow\">\n<figure class=\"wp-block-image size-large has-custom-border is-style-default\"><img decoding=\"async\" src=\"https:\/\/howjoo.com\/wp-content\/themes\/spectra-one\/assets\/image\/placeholder-landscape.svg\" alt=\"\" class=\"wp-image-86\" style=\"border-radius:8px\"\/><\/figure>\n<\/div>\n<\/div>\n<\/div>\n\n\n\n<div class=\"wp-block-uagb-container uagb-block-c316fa33\">\n<div class=\"wp-block-uagb-info-box uagb-block-305f7bc1 uagb-infobox__content-wrap  uagb-infobox-icon-above-title uagb-infobox-image-valign-top\"><div class=\"uagb-ifb-content\"><div class=\"uagb-ifb-title-wrap\"><h2 class=\"uagb-ifb-title\">O nas<\/h2><\/div><p class=\"uagb-ifb-desc\"><strong>HowJoo<\/strong> jest jednym z wiod\u0105cych dostawc\u00f3w produkt\u00f3w promocyjnych w Chinach. Mamy ponad 10-letnie do\u015bwiadczenie zawodowe w pozyskiwaniu produkt\u00f3w, zarz\u0105dzaniu produkcj\u0105 i logistyce eksportu.<br><br>Dostarczamy produkty promocyjne, upominki z nadrukiem i upominki reklamowe do zr\u00f3\u017cnicowanej bazy klient\u00f3w, w tym importer\u00f3w, dystrybutor\u00f3w, dostawc\u00f3w us\u0142ug poligraficznych i agencji reklamowych w Europie, Ameryce P\u00f3\u0142nocnej, Azji itp.<br><br>Posiadamy solidn\u0105 sie\u0107 zaopatrzenia, aby pom\u00f3c naszym klientom w znalezieniu produkt\u00f3w o konkurencyjnych cenach i wysokiej jako\u015bci. Ponadto oferujemy niestandardowe us\u0142ugi produkcyjne dostosowane do konkretnych potrzeb i kreatywnych pomys\u0142\u00f3w naszych klient\u00f3w.<br><br>Naszym celem jest bycie kompleksowym \u017ar\u00f3d\u0142em, kt\u00f3re wzmocni \u0142a\u0144cuch dostaw, pomagaj\u0105c obni\u017cy\u0107 koszty zakup\u00f3w, czasoch\u0142onne koszty i inne ukryte koszty zarz\u0105dzania dostawcami.<\/p><\/div><\/div>\n<\/div>\n\n\n\n<div class=\"wp-block-uagb-container uagb-block-ef4f286d\">\n<div class=\"wp-block-uagb-info-box uagb-block-5d0ba61d uagb-infobox__content-wrap  uagb-infobox-icon-above-title uagb-infobox-image-valign-top\"><div class=\"uagb-ifb-content\"><div class=\"uagb-ifb-title-wrap\"><h2 class=\"uagb-ifb-title\">Co robimy<\/h2><\/div><p class=\"uagb-ifb-desc\"><strong>Us\u0142ugi dostosowywania:<\/strong> Integracja logo z artyku\u0142ami promocyjnymi poprzez us\u0142ugi drukowania w celu zwi\u0119kszenia \u015bwiadomo\u015bci marki.<br><strong>Zam\u00f3wienia na produkty:<\/strong> Dostarczanie produkt\u00f3w promocyjnych dostosowanych do bud\u017cetu i strategii marketingowej.<br><strong>Us\u0142uga cytowania:<\/strong> Terminowe i konkurencyjne ceny, kt\u00f3re pozwol\u0105 Ci si\u0119 wyr\u00f3\u017cni\u0107.<br><strong>Us\u0142uga pobierania pr\u00f3bek:<\/strong> Zapewnienie satysfakcji poprzez sprawdzenie projektu i jako\u015bci przed masow\u0105 produkcj\u0105.<br><strong>Zarz\u0105dzanie produkcj\u0105:<\/strong> Zapewnienie realizacji zam\u00f3wie\u0144 z dba\u0142o\u015bci\u0105 o ka\u017cdy szczeg\u00f3\u0142 produkcji w celu spe\u0142nienia standard\u00f3w bran\u017cowych.<br><strong>\u015aledzenie zam\u00f3wienia:<\/strong> \u015aledzenie zam\u00f3wienia pod k\u0105tem statusu post\u0119pu i szacowanych dat dostawy.<br><strong>Kontrola jako\u015bci: <\/strong>Nasz personel kontroli jako\u015bci rygorystycznie sprawdza jako\u015b\u0107 pr\u00f3bek w produkcji masowej.<br><strong>Rozwi\u0105zania logistyczne:<\/strong> Odpowiednie rozwi\u0105zania logistyczne zapewniaj\u0105ce szybk\u0105 dostaw\u0119 w oparciu o wzgl\u0119dy praktyczne.<br><strong>Obs\u0142uga posprzeda\u017cna: <\/strong>Priorytetowe traktowanie opinii klient\u00f3w, szybkie rozwi\u0105zywanie problem\u00f3w w celu poprawy jako\u015bci transakcji.<br><\/p><\/div><\/div>\n<\/div>\n<\/div><\/div>","protected":false},"excerpt":{"rendered":"<p>\u2014 Welcome About Us Ningbo HowJoo International Trade Co., Ltd.<\/p>","protected":false},"author":1,"featured_media":0,"parent":0,"menu_order":0,"comment_status":"closed","ping_status":"closed","template":"","meta":{"_uag_custom_page_level_css":"","_swt_meta_header_display":false,"_swt_meta_footer_display":false,"_swt_meta_site_title_display":true,"_swt_meta_sticky_header":false,"_swt_meta_transparent_header":false,"footnotes":""},"class_list":["post-27","page","type-page","status-publish","hentry"],"uagb_featured_image_src":{"full":false,"thumbnail":false,"medium":false,"medium_large":false,"large":false,"1536x1536":false,"2048x2048":false,"trp-custom-language-flag":false},"uagb_author_info":{"display_name":"howjoo1","author_link":"https:\/\/howjoo.com\/pl\/author\/howjoo1\/"},"uagb_comment_info":0,"uagb_excerpt":"\u2014 Welcome About Us Ningbo HowJoo International Trade Co., Ltd.","_links":{"self":[{"href":"https:\/\/howjoo.com\/pl\/wp-json\/wp\/v2\/pages\/27","targetHints":{"allow":["GET"]}}],"collection":[{"href":"https:\/\/howjoo.com\/pl\/wp-json\/wp\/v2\/pages"}],"about":[{"href":"https:\/\/howjoo.com\/pl\/wp-json\/wp\/v2\/types\/page"}],"author":[{"embeddable":true,"href":"https:\/\/howjoo.com\/pl\/wp-json\/wp\/v2\/users\/1"}],"replies":[{"embeddable":true,"href":"https:\/\/howjoo.com\/pl\/wp-json\/wp\/v2\/comments?post=27"}],"version-history":[{"count":72,"href":"https:\/\/howjoo.com\/pl\/wp-json\/wp\/v2\/pages\/27\/revisions"}],"predecessor-version":[{"id":6440,"href":"https:\/\/howjoo.com\/pl\/wp-json\/wp\/v2\/pages\/27\/revisions\/6440"}],"wp:attachment":[{"href":"https:\/\/howjoo.com\/pl\/wp-json\/wp\/v2\/media?parent=27"}],"curies":[{"name":"wp","href":"https:\/\/api.w.org\/{rel}","templated":true}]}}