{"id":1202,"date":"2024-04-12T14:24:58","date_gmt":"2024-04-12T14:24:58","guid":{"rendered":"https:\/\/howjoo.com\/?page_id=1202"},"modified":"2025-01-03T16:26:19","modified_gmt":"2025-01-03T08:26:19","slug":"product-categories","status":"publish","type":"page","link":"https:\/\/howjoo.com\/fr\/categories-de-produits\/","title":{"rendered":"Cat\u00e9gories de produits"},"content":{"rendered":"<div class=\"wp-block-uagb-container uagb-block-5e5db96c alignfull uagb-is-root-container\"><div class=\"uagb-container-inner-blocks-wrap\">\n<div class=\"wp-block-uagb-advanced-heading uagb-block-bef84370\"><h2 class=\"uagb-heading-text\"><strong>Recherchez et personnalisez les articles dont vous avez besoin<\/strong><\/h2><div class=\"uagb-separator\"><\/div><\/div>\n\n\n\n<div class=\"wp-block-uagb-modal uagb-block-a3d8477f uagb-modal-wrapper\" data-escpress=\"enable\" data-overlayclick=\"disable\"><div class=\"uagb-spectra-button-wrapper wp-block-button\"><a class=\"uagb-modal-button-link wp-block-button__link uagb-modal-trigger\" href=\"#\" onclick=\"return false;\" target=\"_self\" rel=\"noopener noreferrer\"><span class=\"uagb-modal-content-wrapper\"><span class=\"uagb-inline-editing\">Obtenir un devis gratuit<\/span><\/span><\/a><\/div><div class=\"uagb-effect-default uagb-modal-popup uagb-block-a3d8477f\"><div class=\"uagb-modal-popup-wrap\"><div class=\"uagb-modal-popup-content\">\n<div class=\"wp-block-uagb-forms uagb-forms__outer-wrap uagb-block-13d6e518 uagb-forms__medium-btn\"><form class=\"uagb-forms-main-form\" method=\"post\" autocomplete=\"on\" name=\"uagb-form-13d6e518\" action=\"\">\n<div class=\"wp-block-uagb-forms-name uagb-forms-name-wrap uagb-forms-field-set uagb-block-fefe10a9\"><div class=\"uagb-forms-name-label required uagb-forms-input-label\" id=\"fefe10a9\">Nom complet<\/div><input type=\"text\" placeholder=\"Jean\" required class=\"uagb-forms-name-input uagb-forms-input\" name=\"fefe10a9\" autocomplete=\"name\"\/><\/div>\n\n\n\n<div class=\"wp-block-uagb-forms-email uagb-forms-email-wrap uagb-forms-field-set uagb-block-a278f7b1\"><div class=\"uagb-forms-email-label required uagb-forms-input-label\" id=\"a278f7b1\">Courriel<\/div><input type=\"email\" class=\"uagb-forms-email-input uagb-forms-input\" placeholder=\"example@mail.com\" required name=\"a278f7b1\" autocomplete=\"email\"\/><\/div>\n\n\n\n<div class=\"wp-block-uagb-forms-name uagb-forms-name-wrap uagb-forms-field-set uagb-block-90c6dfee\"><div class=\"uagb-forms-name-label  uagb-forms-input-label\" id=\"90c6dfee\">Nom de l'entreprise<\/div><input type=\"text\" placeholder=\"Google\" class=\"uagb-forms-name-input uagb-forms-input\" name=\"90c6dfee\" autocomplete=\"organization\"\/><\/div>\n\n\n\n<div class=\"wp-block-uagb-forms-textarea uagb-forms-textarea-wrap uagb-forms-field-set uagb-block-2409f28e\"><div class=\"uagb-forms-textarea-label required uagb-forms-input-label\" id=\"2409f28e\">Message<\/div><textarea required class=\"uagb-forms-textarea-input uagb-forms-input\" rows=\"4\" placeholder=\"Saisissez votre message\" name=\"2409f28e\" autocomplete=\"off\"><\/textarea><\/div>\n<div class=\"uagb-forms-form-hidden-data\"><input type=\"hidden\" class=\"uagb_forms_form_label\" value=\"Spectra Form\"\/><input type=\"hidden\" class=\"uagb_forms_form_id\" value=\"uagb-form-13d6e518\"\/><\/div><div class=\"uagb-form-reacaptcha-error-13d6e518\"><\/div><div class=\"uagb-forms-main-submit-button-wrap wp-block-button\"><button class=\"uagb-forms-main-submit-button wp-block-button__link\"><div class=\"uagb-forms-main-submit-button-text\">Soumettre<\/div><\/button><\/div><input type=\"hidden\" name=\"trp-form-language\" value=\"fr\"\/><\/form><div class=\"uagb-forms-success-message-13d6e518 uagb-forms-submit-message-hide\"><span>Le formulaire a \u00e9t\u00e9 soumis avec succ\u00e8s !<\/span><\/div><div class=\"uagb-forms-failed-message-13d6e518 uagb-forms-submit-message-hide\"><span>Une erreur s'est produite lors de l'envoi du formulaire. Veuillez v\u00e9rifier \u00e0 nouveau tous les champs du formulaire.<\/span><\/div><\/div>\n<\/div><button class=\"uagb-modal-popup-close\" aria-label=\"Fermer la fen\u00eatre modale\"><svg xmlns=\"https:\/\/www.w3.org\/2000\/svg\" viewbox=\"0 0 320 512\"><path d=\"M310.6 361.4c12.5 12.5 12.5 32.75 0 45.25C304.4 412.9 296.2 416 288 416s-16.38-3.125-22.62-9.375L160 301.3L54.63 406.6C48.38 412.9 40.19 416 32 416S15.63 412.9 9.375 406.6c-12.5-12.5-12.5-32.75 0-45.25l105.4-105.4L9.375 150.6c-12.5-12.5-12.5-32.75 0-45.25s32.75-12.5 45.25 0L160 210.8l105.4-105.4c12.5-12.5 32.75-12.5 45.25 0s12.5 32.75 0 45.25l-105.4 105.4L310.6 361.4z\"><\/path><\/svg><\/button><\/div><\/div><\/div>\n<\/div><\/div>\n\n\n\n<div class=\"wp-block-uagb-container uagb-block-031cd0a5 alignfull uagb-is-root-container\"><div class=\"uagb-container-inner-blocks-wrap\">\n<div class=\"wp-block-uagb-container uagb-block-607fe128\"><div class=\"breadcrumbs alignleft  wp-block-bcn-breadcrumb-trail has-text-color has-background\" vocab=\"https:\/\/schema.org\/\" typeof=\"BreadcrumbList\">\n\t<span><\/span>\n\t<span property=\"itemListElement\" typeof=\"ListItem\"><a property=\"item\" typeof=\"WebPage\" title=\"Aller \u00e0 HowJoo Promotional Products.\" href=\"https:\/\/howjoo.com\/fr\" class=\"home\" aria-current=\"page\"><span property=\"name\">Accueil<\/span><\/a><meta property=\"position\" content=\"1\"><\/span><\/div>\n<\/div>\n\n\n\n<div class=\"wp-block-uagb-container uagb-block-7fb0fe07\"><form role=\"search\" method=\"get\" action=\"https:\/\/howjoo.com\/fr\/\" class=\"wp-block-search__button-outside wp-block-search__text-button alignright is-style-swt-search-minimal wp-block-search\" data-trp-original-action=\"https:\/\/howjoo.com\/fr\/\"    ><label class=\"wp-block-search__label screen-reader-text\" for=\"wp-block-search__input-1\"  style=\"font-size: 12px\">Recherche<\/label><div class=\"wp-block-search__inside-wrapper\"  style=\"width: 100%\"><input class=\"wp-block-search__input\" id=\"wp-block-search__input-1\" placeholder=\"\" value=\"\" type=\"search\" name=\"s\" required style=\"font-size: 12px\"\/><button aria-label=\"Recherche\" class=\"wp-block-search__button has-background wp-element-button\" type=\"submit\"  style=\"background-color: #4d72bb;font-size: 12px\">Recherche<\/button><\/div><input type=\"hidden\" name=\"trp-form-language\" value=\"fr\"\/><\/form><\/div>\n<\/div><\/div>\n\n\n\n<div class=\"wp-block-uagb-container uagb-block-c3e41dfe alignfull uagb-is-root-container\"><div class=\"uagb-container-inner-blocks-wrap\">\n<div class=\"wp-block-uagb-container uagb-block-a32182ab default uagb-is-root-container\">\n<div class=\"wp-block-uagb-container uagb-block-39ec7b54\">\n<h3 class=\"wp-block-heading has-text-align-left has-text-color has-background has-link-color has-medium-font-size wp-elements-6bd3efdb175c6d1dc8977ad6e87749a8\" style=\"color:#b9e7fd;background-color:#1e1e3f;padding-top:var(--wp--preset--spacing--xx-small);padding-bottom:var(--wp--preset--spacing--xx-small)\"><strong>CATEGORIES<\/strong><\/h3>\n<\/div>\n\n\n\n<div class=\"wp-block-uagb-container uagb-block-314406a5\">\t\t\t\t<div class = \"wp-block-uagb-taxonomy-list uagb-taxonomy__outer-wrap uagb-layout-grid uagb-block-c37ed29b\" style=\"\">\n\t\t\t\t\t\t\t\t\t\t\t\t\n\t\t\t\t\t\t<div class=\"uagb-taxomony-box\">\n\t\t\t\t\t\t\t<a class=\"uagb-tax-link\" href= \"https:\/\/howjoo.com\/fr\/category\/vetements-textiles\/\">\n\t\t\t\t\t\t\t\t<div class=\"uagb-tax-title\">Habillement et textiles\t\t\t\t\t\t\t\t<\/div>\n\t\t\t\t\t\t\t\t\t\t\t\t\t\t\t<\/a>\n\t\t\t\t\t\t<\/div>\n\t\t\t\t\t\t\t\n\t\t\t\t\t\t<div class=\"uagb-taxomony-box\">\n\t\t\t\t\t\t\t<a class=\"uagb-tax-link\" href= \"https:\/\/howjoo.com\/fr\/category\/sacs\/\">\n\t\t\t\t\t\t\t\t<div class=\"uagb-tax-title\">Sacs\t\t\t\t\t\t\t\t<\/div>\n\t\t\t\t\t\t\t\t\t\t\t\t\t\t\t<\/a>\n\t\t\t\t\t\t<\/div>\n\t\t\t\t\t\t\t\n\t\t\t\t\t\t<div class=\"uagb-taxomony-box\">\n\t\t\t\t\t\t\t<a class=\"uagb-tax-link\" href= \"https:\/\/howjoo.com\/fr\/category\/blogs\/\">\n\t\t\t\t\t\t\t\t<div class=\"uagb-tax-title\">Blogs\t\t\t\t\t\t\t\t<\/div>\n\t\t\t\t\t\t\t\t\t\t\t\t\t\t\t<\/a>\n\t\t\t\t\t\t<\/div>\n\t\t\t\t\t\t\t\n\t\t\t\t\t\t<div class=\"uagb-taxomony-box\">\n\t\t\t\t\t\t\t<a class=\"uagb-tax-link\" href= \"https:\/\/howjoo.com\/fr\/category\/conference-exposition\/\">\n\t\t\t\t\t\t\t\t<div class=\"uagb-tax-title\">Conf\u00e9rence et exposition\t\t\t\t\t\t\t\t<\/div>\n\t\t\t\t\t\t\t\t\t\t\t\t\t\t\t<\/a>\n\t\t\t\t\t\t<\/div>\n\t\t\t\t\t\t\t\n\t\t\t\t\t\t<div class=\"uagb-taxomony-box\">\n\t\t\t\t\t\t\t<a class=\"uagb-tax-link\" href= \"https:\/\/howjoo.com\/fr\/category\/accessoires-de-bureau\/\">\n\t\t\t\t\t\t\t\t<div class=\"uagb-tax-title\">Accessoires de bureau\t\t\t\t\t\t\t\t<\/div>\n\t\t\t\t\t\t\t\t\t\t\t\t\t\t\t<\/a>\n\t\t\t\t\t\t<\/div>\n\t\t\t\t\t\t\t\n\t\t\t\t\t\t<div class=\"uagb-taxomony-box\">\n\t\t\t\t\t\t\t<a class=\"uagb-tax-link\" href= \"https:\/\/howjoo.com\/fr\/category\/verres-a-boire\/\">\n\t\t\t\t\t\t\t\t<div class=\"uagb-tax-title\">Boissons\t\t\t\t\t\t\t\t<\/div>\n\t\t\t\t\t\t\t\t\t\t\t\t\t\t\t<\/a>\n\t\t\t\t\t\t<\/div>\n\t\t\t\t\t\t\t\n\t\t\t\t\t\t<div class=\"uagb-taxomony-box\">\n\t\t\t\t\t\t\t<a class=\"uagb-tax-link\" href= \"https:\/\/howjoo.com\/fr\/category\/loisirs-amusants\/\">\n\t\t\t\t\t\t\t\t<div class=\"uagb-tax-title\">Amusement et loisirs\t\t\t\t\t\t\t\t<\/div>\n\t\t\t\t\t\t\t\t\t\t\t\t\t\t\t<\/a>\n\t\t\t\t\t\t<\/div>\n\t\t\t\t\t\t\t\n\t\t\t\t\t\t<div class=\"uagb-taxomony-box\">\n\t\t\t\t\t\t\t<a class=\"uagb-tax-link\" href= \"https:\/\/howjoo.com\/fr\/category\/menage\/\">\n\t\t\t\t\t\t\t\t<div class=\"uagb-tax-title\">M\u00e9nage\t\t\t\t\t\t\t\t<\/div>\n\t\t\t\t\t\t\t\t\t\t\t\t\t\t\t<\/a>\n\t\t\t\t\t\t<\/div>\n\t\t\t\t\t\t\t\n\t\t\t\t\t\t<div class=\"uagb-taxomony-box\">\n\t\t\t\t\t\t\t<a class=\"uagb-tax-link\" href= \"https:\/\/howjoo.com\/fr\/category\/redaction-bureautique\/\">\n\t\t\t\t\t\t\t\t<div class=\"uagb-tax-title\">Bureau et r\u00e9daction\t\t\t\t\t\t\t\t<\/div>\n\t\t\t\t\t\t\t\t\t\t\t\t\t\t\t<\/a>\n\t\t\t\t\t\t<\/div>\n\t\t\t\t\t\t\t\n\t\t\t\t\t\t<div class=\"uagb-taxomony-box\">\n\t\t\t\t\t\t\t<a class=\"uagb-tax-link\" href= \"https:\/\/howjoo.com\/fr\/category\/soins-personnels\/\">\n\t\t\t\t\t\t\t\t<div class=\"uagb-tax-title\">Soins personnels\t\t\t\t\t\t\t\t<\/div>\n\t\t\t\t\t\t\t\t\t\t\t\t\t\t\t<\/a>\n\t\t\t\t\t\t<\/div>\n\t\t\t\t\t\t\t\n\t\t\t\t\t\t<div class=\"uagb-taxomony-box\">\n\t\t\t\t\t\t\t<a class=\"uagb-tax-link\" href= \"https:\/\/howjoo.com\/fr\/category\/evenements-sportifs\/\">\n\t\t\t\t\t\t\t\t<div class=\"uagb-tax-title\">Sports et \u00e9v\u00e9nements\t\t\t\t\t\t\t\t<\/div>\n\t\t\t\t\t\t\t\t\t\t\t\t\t\t\t<\/a>\n\t\t\t\t\t\t<\/div>\n\t\t\t\t\t\t\t\n\t\t\t\t\t\t<div class=\"uagb-taxomony-box\">\n\t\t\t\t\t\t\t<a class=\"uagb-tax-link\" href= \"https:\/\/howjoo.com\/fr\/category\/technologie\/\">\n\t\t\t\t\t\t\t\t<div class=\"uagb-tax-title\">Technologie\t\t\t\t\t\t\t\t<\/div>\n\t\t\t\t\t\t\t\t\t\t\t\t\t\t\t<\/a>\n\t\t\t\t\t\t<\/div>\n\t\t\t\t\t\t\t\n\t\t\t\t\t\t<div class=\"uagb-taxomony-box\">\n\t\t\t\t\t\t\t<a class=\"uagb-tax-link\" href= \"https:\/\/howjoo.com\/fr\/category\/outils\/\">\n\t\t\t\t\t\t\t\t<div class=\"uagb-tax-title\">Outils\t\t\t\t\t\t\t\t<\/div>\n\t\t\t\t\t\t\t\t\t\t\t\t\t\t\t<\/a>\n\t\t\t\t\t\t<\/div>\n\t\t\t\t\t\t\t\n\t\t\t\t\t\t<div class=\"uagb-taxomony-box\">\n\t\t\t\t\t\t\t<a class=\"uagb-tax-link\" href= \"https:\/\/howjoo.com\/fr\/category\/voyages-en-plein-air\/\">\n\t\t\t\t\t\t\t\t<div class=\"uagb-tax-title\">Voyages et activit\u00e9s de plein air\t\t\t\t\t\t\t\t<\/div>\n\t\t\t\t\t\t\t\t\t\t\t\t\t\t\t<\/a>\n\t\t\t\t\t\t<\/div>\n\t\t\t\t\t\t\t\t\t\t\t\t\t\t\t\t\t\t\t\t\t\t\t<\/div>\n\n\t\t\t<\/div>\n\n\n\n<div class=\"wp-block-uagb-container uag-hide-tab uag-hide-mob uagb-block-e7a1788b\">\n<h3 class=\"wp-block-heading has-text-color has-background has-link-color has-medium-font-size wp-elements-a1e24f60bc903fb04a12ea8ae100a166\" style=\"color:#b9e7fd;background-color:#1e1e3f;padding-top:var(--wp--preset--spacing--xxx-small);padding-bottom:var(--wp--preset--spacing--xxx-small)\"><strong>TAG CLOUD<\/strong><\/h3>\n\n\n<\/div>\n<\/div>\n\n\n\n<div class=\"wp-block-uagb-container uagb-block-3b07cda0\">\n<div class=\"wp-block-uagb-container uagb-block-427272e4\">\n<div class=\"wp-block-uagb-image uagb-block-ff078304 wp-block-uagb-image--layout-overlay wp-block-uagb-image--effect-zoomin wp-block-uagb-image--align-none\"><figure class=\"wp-block-uagb-image__figure\"><a class=\"\" href=\"https:\/\/howjoo.com\/fr\/category\/technology\/\" target=\"\" rel=\"noopener\"><img decoding=\"async\" srcset=\"https:\/\/howjoo.com\/wp-content\/uploads\/2024\/03\/technology-category-300x200.webp ,https:\/\/howjoo.com\/wp-content\/uploads\/2024\/03\/technology-category.webp 780w, https:\/\/howjoo.com\/wp-content\/uploads\/2024\/03\/technology-category-300x200.webp 360w\" sizes=\"auto, (max-width: 480px) 150px\" src=\"https:\/\/howjoo.com\/wp-content\/uploads\/2024\/03\/technology-category-300x200.webp\" alt=\"\" class=\"uag-image-336\" width=\"300\" height=\"200\" title=\"\" loading=\"lazy\" role=\"presentation\"\/><\/a><div class=\"wp-block-uagb-image--layout-overlay__color-wrapper\"><\/div><div class=\"wp-block-uagb-image--layout-overlay__inner bottom-center\"><a class=\"wp-block-uagb-image--layout-overlay-link\" href=\"https:\/\/howjoo.com\/fr\/category\/technology\/\" target=\"\" rel=\"noopener\"><\/a><figcaption class=\"uagb-image-caption\">Technologie<\/figcaption><\/div><\/figure><\/div>\n\n\n\n<div class=\"wp-block-uagb-image uagb-block-3f7da654 wp-block-uagb-image--layout-overlay wp-block-uagb-image--effect-zoomin wp-block-uagb-image--align-none aligncenter\"><figure class=\"wp-block-uagb-image__figure\"><a class=\"\" href=\"https:\/\/howjoo.com\/fr\/category\/sports-events\/\" target=\"\" rel=\"noopener\"><img decoding=\"async\" srcset=\"https:\/\/howjoo.com\/wp-content\/uploads\/2024\/03\/sports-category-300x200.webp ,https:\/\/howjoo.com\/wp-content\/uploads\/2024\/03\/sports-category.webp 780w, https:\/\/howjoo.com\/wp-content\/uploads\/2024\/03\/sports-category-300x200.webp 360w\" sizes=\"auto, (max-width: 480px) 150px\" src=\"https:\/\/howjoo.com\/wp-content\/uploads\/2024\/03\/sports-category-300x200.webp\" alt=\"\" class=\"uag-image-335\" width=\"300\" height=\"200\" title=\"\" loading=\"lazy\" role=\"presentation\"\/><\/a><div class=\"wp-block-uagb-image--layout-overlay__color-wrapper\"><\/div><div class=\"wp-block-uagb-image--layout-overlay__inner bottom-center\"><a class=\"wp-block-uagb-image--layout-overlay-link\" href=\"https:\/\/howjoo.com\/fr\/category\/sports-events\/\" target=\"\" rel=\"noopener\"><\/a><figcaption class=\"uagb-image-caption\">Sports et \u00e9v\u00e9nements<\/figcaption><\/div><\/figure><\/div>\n\n\n\n<div class=\"wp-block-uagb-image uagb-block-79c461fe wp-block-uagb-image--layout-overlay wp-block-uagb-image--effect-zoomin wp-block-uagb-image--align-none alignright\"><figure class=\"wp-block-uagb-image__figure\"><a class=\"\" href=\"https:\/\/howjoo.com\/fr\/category\/desk-accessories\/\" target=\"\" rel=\"noopener\"><img decoding=\"async\" srcset=\"https:\/\/howjoo.com\/wp-content\/uploads\/2024\/03\/office-category-300x200.webp ,https:\/\/howjoo.com\/wp-content\/uploads\/2024\/03\/office-category.webp 780w, https:\/\/howjoo.com\/wp-content\/uploads\/2024\/03\/office-category-300x200.webp 360w\" sizes=\"auto, (max-width: 480px) 150px\" src=\"https:\/\/howjoo.com\/wp-content\/uploads\/2024\/03\/office-category-300x200.webp\" alt=\"\" class=\"uag-image-334\" width=\"300\" height=\"200\" title=\"\" loading=\"lazy\" role=\"presentation\"\/><\/a><div class=\"wp-block-uagb-image--layout-overlay__color-wrapper\"><\/div><div class=\"wp-block-uagb-image--layout-overlay__inner bottom-center\"><a class=\"wp-block-uagb-image--layout-overlay-link\" href=\"https:\/\/howjoo.com\/fr\/category\/desk-accessories\/\" target=\"\" rel=\"noopener\"><\/a><figcaption class=\"uagb-image-caption\">Accessoires de bureau<\/figcaption><\/div><\/figure><\/div>\n<\/div>\n\n\n\n<div class=\"wp-block-uagb-container uagb-block-ac58988c\">\n<div class=\"wp-block-uagb-image uagb-block-41ba10cf wp-block-uagb-image--layout-overlay wp-block-uagb-image--effect-zoomin wp-block-uagb-image--align-none\"><figure class=\"wp-block-uagb-image__figure\"><a class=\"\" href=\"https:\/\/howjoo.com\/fr\/category\/drinkware\/\" target=\"\" rel=\"noopener\"><img decoding=\"async\" srcset=\"https:\/\/howjoo.com\/wp-content\/uploads\/2024\/03\/drinkware-category-300x200.webp ,https:\/\/howjoo.com\/wp-content\/uploads\/2024\/03\/drinkware-category.webp 780w, https:\/\/howjoo.com\/wp-content\/uploads\/2024\/03\/drinkware-category-300x200.webp 360w\" sizes=\"auto, (max-width: 480px) 150px\" src=\"https:\/\/howjoo.com\/wp-content\/uploads\/2024\/03\/drinkware-category-300x200.webp\" alt=\"\" class=\"uag-image-333\" width=\"300\" height=\"200\" title=\"\" loading=\"lazy\" role=\"presentation\"\/><\/a><div class=\"wp-block-uagb-image--layout-overlay__color-wrapper\"><\/div><div class=\"wp-block-uagb-image--layout-overlay__inner bottom-center\"><a class=\"wp-block-uagb-image--layout-overlay-link\" href=\"https:\/\/howjoo.com\/fr\/category\/drinkware\/\" target=\"\" rel=\"noopener\"><\/a><figcaption class=\"uagb-image-caption\">Boissons<\/figcaption><\/div><\/figure><\/div>\n\n\n\n<div class=\"wp-block-uagb-image uagb-block-50877719 wp-block-uagb-image--layout-overlay wp-block-uagb-image--effect-zoomin wp-block-uagb-image--align-none aligncenter\"><figure class=\"wp-block-uagb-image__figure\"><a class=\"\" href=\"https:\/\/howjoo.com\/fr\/category\/travel-outdoors\/\" target=\"\" rel=\"noopener\"><img decoding=\"async\" srcset=\"https:\/\/howjoo.com\/wp-content\/uploads\/2024\/03\/travel-category-300x200.webp ,https:\/\/howjoo.com\/wp-content\/uploads\/2024\/03\/travel-category.webp 780w, https:\/\/howjoo.com\/wp-content\/uploads\/2024\/03\/travel-category-300x200.webp 360w\" sizes=\"auto, (max-width: 480px) 150px\" src=\"https:\/\/howjoo.com\/wp-content\/uploads\/2024\/03\/travel-category-300x200.webp\" alt=\"\" class=\"uag-image-332\" width=\"300\" height=\"200\" title=\"\" loading=\"lazy\" role=\"presentation\"\/><\/a><div class=\"wp-block-uagb-image--layout-overlay__color-wrapper\"><\/div><div class=\"wp-block-uagb-image--layout-overlay__inner bottom-center\"><a class=\"wp-block-uagb-image--layout-overlay-link\" href=\"https:\/\/howjoo.com\/fr\/category\/travel-outdoors\/\" target=\"\" rel=\"noopener\"><\/a><figcaption class=\"uagb-image-caption\">Voyages et activit\u00e9s de plein air<\/figcaption><\/div><\/figure><\/div>\n\n\n\n<div class=\"wp-block-uagb-image uagb-block-87b2b56d wp-block-uagb-image--layout-overlay wp-block-uagb-image--effect-zoomin wp-block-uagb-image--align-none alignright\"><figure class=\"wp-block-uagb-image__figure\"><a class=\"\" href=\"https:\/\/howjoo.com\/fr\/category\/household\/\" target=\"\" rel=\"noopener\"><img decoding=\"async\" srcset=\"https:\/\/howjoo.com\/wp-content\/uploads\/2024\/04\/depositphotos_421481366-stock-photo-different-fresh-vegetables-mushrooms-white-300x200.webp ,https:\/\/howjoo.com\/wp-content\/uploads\/2024\/04\/depositphotos_421481366-stock-photo-different-fresh-vegetables-mushrooms-white.webp 780w, https:\/\/howjoo.com\/wp-content\/uploads\/2024\/04\/depositphotos_421481366-stock-photo-different-fresh-vegetables-mushrooms-white-300x200.webp 360w\" sizes=\"auto, (max-width: 480px) 150px\" src=\"https:\/\/howjoo.com\/wp-content\/uploads\/2024\/04\/depositphotos_421481366-stock-photo-different-fresh-vegetables-mushrooms-white-300x200.webp\" alt=\"\" class=\"uag-image-826\" width=\"300\" height=\"200\" title=\"\" loading=\"lazy\" role=\"presentation\"\/><\/a><div class=\"wp-block-uagb-image--layout-overlay__color-wrapper\"><\/div><div class=\"wp-block-uagb-image--layout-overlay__inner bottom-center\"><a class=\"wp-block-uagb-image--layout-overlay-link\" href=\"https:\/\/howjoo.com\/fr\/category\/household\/\" target=\"\" rel=\"noopener\"><\/a><figcaption class=\"uagb-image-caption\">M\u00e9nage<\/figcaption><\/div><\/figure><\/div>\n<\/div>\n\n\n\n<div class=\"wp-block-uagb-container uagb-block-3e6902fd\">\n<div class=\"wp-block-uagb-image uagb-block-b798146a wp-block-uagb-image--layout-overlay wp-block-uagb-image--effect-zoomin wp-block-uagb-image--align-none\"><figure class=\"wp-block-uagb-image__figure\"><a class=\"\" href=\"https:\/\/howjoo.com\/fr\/category\/fun-leisure\/\" target=\"\" rel=\"noopener\"><img decoding=\"async\" srcset=\"https:\/\/howjoo.com\/wp-content\/uploads\/2024\/04\/fun-leisure-category-300x200.webp ,https:\/\/howjoo.com\/wp-content\/uploads\/2024\/04\/fun-leisure-category.webp 780w, https:\/\/howjoo.com\/wp-content\/uploads\/2024\/04\/fun-leisure-category-300x200.webp 360w\" sizes=\"auto, (max-width: 480px) 150px\" src=\"https:\/\/howjoo.com\/wp-content\/uploads\/2024\/04\/fun-leisure-category-300x200.webp\" alt=\"\" class=\"uag-image-1552\" width=\"300\" height=\"200\" title=\"\" loading=\"lazy\" role=\"presentation\"\/><\/a><div class=\"wp-block-uagb-image--layout-overlay__color-wrapper\"><\/div><div class=\"wp-block-uagb-image--layout-overlay__inner bottom-center\"><a class=\"wp-block-uagb-image--layout-overlay-link\" href=\"https:\/\/howjoo.com\/fr\/category\/fun-leisure\/\" target=\"\" rel=\"noopener\"><\/a><figcaption class=\"uagb-image-caption\">Amusement et loisirs<\/figcaption><\/div><\/figure><\/div>\n\n\n\n<div class=\"wp-block-uagb-image uagb-block-9760455a wp-block-uagb-image--layout-overlay wp-block-uagb-image--effect-zoomin wp-block-uagb-image--align-none aligncenter\"><figure class=\"wp-block-uagb-image__figure\"><a class=\"\" href=\"https:\/\/howjoo.com\/fr\/category\/apparel-textiles\/\" target=\"\" rel=\"noopener\"><img decoding=\"async\" srcset=\"https:\/\/howjoo.com\/wp-content\/uploads\/2024\/04\/Apparel-Textiles-category-300x199.webp ,https:\/\/howjoo.com\/wp-content\/uploads\/2024\/04\/Apparel-Textiles-category.webp 780w, https:\/\/howjoo.com\/wp-content\/uploads\/2024\/04\/Apparel-Textiles-category-300x199.webp 360w\" sizes=\"auto, (max-width: 480px) 150px\" src=\"https:\/\/howjoo.com\/wp-content\/uploads\/2024\/04\/Apparel-Textiles-category-300x199.webp\" alt=\"\" class=\"uag-image-1544\" width=\"300\" height=\"200\" title=\"\" loading=\"lazy\" role=\"presentation\"\/><\/a><div class=\"wp-block-uagb-image--layout-overlay__color-wrapper\"><\/div><div class=\"wp-block-uagb-image--layout-overlay__inner bottom-center\"><a class=\"wp-block-uagb-image--layout-overlay-link\" href=\"https:\/\/howjoo.com\/fr\/category\/apparel-textiles\/\" target=\"\" rel=\"noopener\"><\/a><figcaption class=\"uagb-image-caption\">Habillement et textiles<\/figcaption><\/div><\/figure><\/div>\n\n\n\n<div class=\"wp-block-uagb-image uagb-block-b2251106 wp-block-uagb-image--layout-overlay wp-block-uagb-image--effect-zoomin wp-block-uagb-image--align-none alignright\"><figure class=\"wp-block-uagb-image__figure\"><a class=\"\" href=\"https:\/\/howjoo.com\/fr\/category\/bags\/\" target=\"\" rel=\"noopener\"><img decoding=\"async\" srcset=\"https:\/\/howjoo.com\/wp-content\/uploads\/2024\/06\/bags-category-300x200.webp ,https:\/\/howjoo.com\/wp-content\/uploads\/2024\/06\/bags-category.webp 780w, https:\/\/howjoo.com\/wp-content\/uploads\/2024\/06\/bags-category-300x200.webp 360w\" sizes=\"auto, (max-width: 480px) 150px\" src=\"https:\/\/howjoo.com\/wp-content\/uploads\/2024\/06\/bags-category-300x200.webp\" alt=\"\" class=\"uag-image-2504\" width=\"300\" height=\"200\" title=\"\" loading=\"lazy\" role=\"presentation\"\/><\/a><div class=\"wp-block-uagb-image--layout-overlay__color-wrapper\"><\/div><div class=\"wp-block-uagb-image--layout-overlay__inner bottom-center\"><a class=\"wp-block-uagb-image--layout-overlay-link\" href=\"https:\/\/howjoo.com\/fr\/category\/bags\/\" target=\"\" rel=\"noopener\"><\/a><figcaption class=\"uagb-image-caption\">Sacs<\/figcaption><\/div><\/figure><\/div>\n<\/div>\n<\/div>\n<\/div><\/div>","protected":false},"excerpt":{"rendered":"<p>Source and customise the items you need CATEGORIES TAG CLOUD<\/p>","protected":false},"author":1,"featured_media":0,"parent":0,"menu_order":0,"comment_status":"closed","ping_status":"closed","template":"","meta":{"_uag_custom_page_level_css":"","_swt_meta_header_display":false,"_swt_meta_footer_display":false,"_swt_meta_site_title_display":true,"_swt_meta_sticky_header":false,"_swt_meta_transparent_header":false,"footnotes":""},"class_list":["post-1202","page","type-page","status-publish","hentry"],"uagb_featured_image_src":{"full":false,"thumbnail":false,"medium":false,"medium_large":false,"large":false,"1536x1536":false,"2048x2048":false,"trp-custom-language-flag":false},"uagb_author_info":{"display_name":"howjoo1","author_link":"https:\/\/howjoo.com\/fr\/author\/howjoo1\/"},"uagb_comment_info":0,"uagb_excerpt":"Source and customise the items you need CATEGORIES TAG CLOUD","_links":{"self":[{"href":"https:\/\/howjoo.com\/fr\/wp-json\/wp\/v2\/pages\/1202","targetHints":{"allow":["GET"]}}],"collection":[{"href":"https:\/\/howjoo.com\/fr\/wp-json\/wp\/v2\/pages"}],"about":[{"href":"https:\/\/howjoo.com\/fr\/wp-json\/wp\/v2\/types\/page"}],"author":[{"embeddable":true,"href":"https:\/\/howjoo.com\/fr\/wp-json\/wp\/v2\/users\/1"}],"replies":[{"embeddable":true,"href":"https:\/\/howjoo.com\/fr\/wp-json\/wp\/v2\/comments?post=1202"}],"version-history":[{"count":290,"href":"https:\/\/howjoo.com\/fr\/wp-json\/wp\/v2\/pages\/1202\/revisions"}],"predecessor-version":[{"id":6434,"href":"https:\/\/howjoo.com\/fr\/wp-json\/wp\/v2\/pages\/1202\/revisions\/6434"}],"wp:attachment":[{"href":"https:\/\/howjoo.com\/fr\/wp-json\/wp\/v2\/media?parent=1202"}],"curies":[{"name":"wp","href":"https:\/\/api.w.org\/{rel}","templated":true}]}}