{"id":27,"date":"2024-03-19T06:53:54","date_gmt":"2024-03-19T06:53:54","guid":{"rendered":"https:\/\/howjoo.com\/?page_id=27"},"modified":"2025-01-07T14:39:11","modified_gmt":"2025-01-07T06:39:11","slug":"about-us","status":"publish","type":"page","link":"https:\/\/howjoo.com\/es\/acerca-de-nosotros\/","title":{"rendered":"Qui\u00e9nes somos"},"content":{"rendered":"<div class=\"wp-block-uagb-container uag-blocks-common-selector uagb-block-72af0111 alignfull uagb-is-root-container\"><div class=\"uagb-container-inner-blocks-wrap\">\n<div class=\"wp-block-uagb-advanced-heading uagb-block-61ed7520\"><h6 class=\"uagb-heading-text\">- Bienvenida<\/h6><\/div>\n\n\n\n<div class=\"wp-block-uagb-advanced-heading uagb-block-4a483d8e\"><h1 class=\"uagb-heading-text\">Qui\u00e9nes somos<\/h1><\/div>\n<\/div><\/div>\n\n\n\n<div class=\"wp-block-uagb-container uagb-block-23e7ad8b alignfull uagb-is-root-container\"><div class=\"uagb-container-inner-blocks-wrap\"><div class=\"breadcrumbs align wp-elements-8de87235d4300ab57edccff768f490b0 wp-block-bcn-breadcrumb-trail has-text-color has-primary-color has-background\" vocab=\"https:\/\/schema.org\/\" typeof=\"BreadcrumbList\">\n\t<span><\/span>\n\t<span property=\"itemListElement\" typeof=\"ListItem\"><a property=\"item\" typeof=\"WebPage\" title=\"Ir a Productos promocionales HowJoo.\" href=\"https:\/\/howjoo.com\/es\" class=\"home\" aria-current=\"page\"><span property=\"name\">Inicio<\/span><\/a><meta property=\"position\" content=\"1\"><\/span><\/div>\n<\/div><\/div>\n\n\n\n<div class=\"wp-block-uagb-container uagb-block-59396a5b alignfull uagb-is-root-container\"><div class=\"uagb-container-inner-blocks-wrap\">\n<div class=\"wp-block-group alignwide has-global-padding is-layout-constrained wp-container-core-group-is-layout-fa72c8b5 wp-block-group-is-layout-constrained\" style=\"padding-top:var(--wp--preset--spacing--x-large);padding-bottom:var(--wp--preset--spacing--x-large)\">\n<div class=\"wp-block-columns alignwide is-layout-flex wp-container-core-columns-is-layout-00f84694 wp-block-columns-is-layout-flex\">\n<div class=\"wp-block-column is-vertically-aligned-center has-x-small-font-size is-layout-flow wp-block-column-is-layout-flow\">\n<h2 class=\"wp-block-heading has-varela-round-font-family has-large-font-size\" style=\"margin-bottom:var(--wp--preset--spacing--small)\"><strong>Ningbo HowJoo International Trade Co.<\/strong><\/h2>\n\n\n\n<div class=\"wp-block-uagb-icon-list uagb-block-88d5da0c\"><div class=\"uagb-icon-list__wrap\">\n<div class=\"wp-block-uagb-icon-list-child uagb-block-00e2796f\"><span class=\"uagb-icon-list__source-wrap\"><svg xmlns=\"https:\/\/www.w3.org\/2000\/svg\" viewbox=\"0 0 256 512\"><path d=\"M64 448c-8.188 0-16.38-3.125-22.62-9.375c-12.5-12.5-12.5-32.75 0-45.25L178.8 256L41.38 118.6c-12.5-12.5-12.5-32.75 0-45.25s32.75-12.5 45.25 0l160 160c12.5 12.5 12.5 32.75 0 45.25l-160 160C80.38 444.9 72.19 448 64 448z\"><\/path><\/svg><\/span><span class=\"uagb-icon-list__label\"><strong>A\u00f1o de creaci\u00f3n:<\/strong> 2018 <\/span><\/div>\n\n\n\n<div class=\"wp-block-uagb-icon-list-child uagb-block-efc1dbf3\"><span class=\"uagb-icon-list__source-wrap\"><svg xmlns=\"https:\/\/www.w3.org\/2000\/svg\" viewbox=\"0 0 256 512\"><path d=\"M64 448c-8.188 0-16.38-3.125-22.62-9.375c-12.5-12.5-12.5-32.75 0-45.25L178.8 256L41.38 118.6c-12.5-12.5-12.5-32.75 0-45.25s32.75-12.5 45.25 0l160 160c12.5 12.5 12.5 32.75 0 45.25l-160 160C80.38 444.9 72.19 448 64 448z\"><\/path><\/svg><\/span><span class=\"uagb-icon-list__label\"><strong>Pa\u00eds \/ Regi\u00f3n: <\/strong>Ningbo, China. A 2 horas en coche de Shanghai y Yiwu.<\/span><\/div>\n\n\n\n<div class=\"wp-block-uagb-icon-list-child uagb-block-dd5ce7be\"><span class=\"uagb-icon-list__source-wrap\"><svg xmlns=\"https:\/\/www.w3.org\/2000\/svg\" viewbox=\"0 0 256 512\"><path d=\"M64 448c-8.188 0-16.38-3.125-22.62-9.375c-12.5-12.5-12.5-32.75 0-45.25L178.8 256L41.38 118.6c-12.5-12.5-12.5-32.75 0-45.25s32.75-12.5 45.25 0l160 160c12.5 12.5 12.5 32.75 0 45.25l-160 160C80.38 444.9 72.19 448 64 448z\"><\/path><\/svg><\/span><span class=\"uagb-icon-list__label\"><strong>N\u00famero de empleados:<\/strong> 5-10 personas <\/span><\/div>\n\n\n\n<div class=\"wp-block-uagb-icon-list-child uagb-block-9cf5634a\"><span class=\"uagb-icon-list__source-wrap\"><svg xmlns=\"https:\/\/www.w3.org\/2000\/svg\" viewbox=\"0 0 256 512\"><path d=\"M64 448c-8.188 0-16.38-3.125-22.62-9.375c-12.5-12.5-12.5-32.75 0-45.25L178.8 256L41.38 118.6c-12.5-12.5-12.5-32.75 0-45.25s32.75-12.5 45.25 0l160 160c12.5 12.5 12.5 32.75 0 45.25l-160 160C80.38 444.9 72.19 448 64 448z\"><\/path><\/svg><\/span><span class=\"uagb-icon-list__label\"><strong>Experiencia en el sector:<\/strong> M\u00e1s de 10 a\u00f1os <\/span><\/div>\n\n\n\n<div class=\"wp-block-uagb-icon-list-child uagb-block-baad180e\"><span class=\"uagb-icon-list__source-wrap\"><svg xmlns=\"https:\/\/www.w3.org\/2000\/svg\" viewbox=\"0 0 256 512\"><path d=\"M64 448c-8.188 0-16.38-3.125-22.62-9.375c-12.5-12.5-12.5-32.75 0-45.25L178.8 256L41.38 118.6c-12.5-12.5-12.5-32.75 0-45.25s32.75-12.5 45.25 0l160 160c12.5 12.5 12.5 32.75 0 45.25l-160 160C80.38 444.9 72.19 448 64 448z\"><\/path><\/svg><\/span><span class=\"uagb-icon-list__label\"><strong>Tipo de negocio:<\/strong> Empresa comercial<\/span><\/div>\n\n\n\n<div class=\"wp-block-uagb-icon-list-child uagb-block-ef2b9a46\"><span class=\"uagb-icon-list__source-wrap\"><svg xmlns=\"https:\/\/www.w3.org\/2000\/svg\" viewbox=\"0 0 256 512\"><path d=\"M64 448c-8.188 0-16.38-3.125-22.62-9.375c-12.5-12.5-12.5-32.75 0-45.25L178.8 256L41.38 118.6c-12.5-12.5-12.5-32.75 0-45.25s32.75-12.5 45.25 0l160 160c12.5 12.5 12.5 32.75 0 45.25l-160 160C80.38 444.9 72.19 448 64 448z\"><\/path><\/svg><\/span><span class=\"uagb-icon-list__label\"><strong>Ingresos anuales totales:<\/strong> 0,6 millones de d\u00f3lares - 1 mill\u00f3n de d\u00f3lares  <\/span><\/div>\n\n\n\n<div class=\"wp-block-uagb-icon-list-child uagb-block-41514753\"><span class=\"uagb-icon-list__source-wrap\"><svg xmlns=\"https:\/\/www.w3.org\/2000\/svg\" viewbox=\"0 0 256 512\"><path d=\"M64 448c-8.188 0-16.38-3.125-22.62-9.375c-12.5-12.5-12.5-32.75 0-45.25L178.8 256L41.38 118.6c-12.5-12.5-12.5-32.75 0-45.25s32.75-12.5 45.25 0l160 160c12.5 12.5 12.5 32.75 0 45.25l-160 160C80.38 444.9 72.19 448 64 448z\"><\/path><\/svg><\/span><span class=\"uagb-icon-list__label\"><strong>N\u00famero de clientes:<\/strong> M\u00e1s de 200 clientes  <\/span><\/div>\n\n\n\n<div class=\"wp-block-uagb-icon-list-child uagb-block-7ea7e6de\"><span class=\"uagb-icon-list__source-wrap\"><svg xmlns=\"https:\/\/www.w3.org\/2000\/svg\" viewbox=\"0 0 256 512\"><path d=\"M64 448c-8.188 0-16.38-3.125-22.62-9.375c-12.5-12.5-12.5-32.75 0-45.25L178.8 256L41.38 118.6c-12.5-12.5-12.5-32.75 0-45.25s32.75-12.5 45.25 0l160 160c12.5 12.5 12.5 32.75 0 45.25l-160 160C80.38 444.9 72.19 448 64 448z\"><\/path><\/svg><\/span><span class=\"uagb-icon-list__label\"><strong>Mercados principales:<\/strong> Europa, Norteam\u00e9rica, Asia, Oriente Medio <\/span><\/div>\n\n\n\n<div class=\"wp-block-uagb-icon-list-child uagb-block-3f8141a7\"><span class=\"uagb-icon-list__source-wrap\"><svg xmlns=\"https:\/\/www.w3.org\/2000\/svg\" viewbox=\"0 0 256 512\"><path d=\"M64 448c-8.188 0-16.38-3.125-22.62-9.375c-12.5-12.5-12.5-32.75 0-45.25L178.8 256L41.38 118.6c-12.5-12.5-12.5-32.75 0-45.25s32.75-12.5 45.25 0l160 160c12.5 12.5 12.5 32.75 0 45.25l-160 160C80.38 444.9 72.19 448 64 448z\"><\/path><\/svg><\/span><span class=\"uagb-icon-list__label\"><strong>Categor\u00edas principales:<\/strong> Bebidas, Ocio y Diversi\u00f3n, Oficina y Escritura, Viajes y Aire Libre, Bolsas, etc.<\/span><\/div>\n\n\n\n<div class=\"wp-block-uagb-icon-list-child uagb-block-840d5ea5\"><span class=\"uagb-icon-list__source-wrap\"><svg xmlns=\"https:\/\/www.w3.org\/2000\/svg\" viewbox=\"0 0 256 512\"><path d=\"M64 448c-8.188 0-16.38-3.125-22.62-9.375c-12.5-12.5-12.5-32.75 0-45.25L178.8 256L41.38 118.6c-12.5-12.5-12.5-32.75 0-45.25s32.75-12.5 45.25 0l160 160c12.5 12.5 12.5 32.75 0 45.25l-160 160C80.38 444.9 72.19 448 64 448z\"><\/path><\/svg><\/span><span class=\"uagb-icon-list__label\"><strong>Certificaciones:<\/strong> CE, RoHS, FDA, etc. <\/span><\/div>\n\n\n\n<div class=\"wp-block-uagb-icon-list-child uagb-block-6f5057fa\"><span class=\"uagb-icon-list__source-wrap\"><svg xmlns=\"https:\/\/www.w3.org\/2000\/svg\" viewbox=\"0 0 256 512\"><path d=\"M64 448c-8.188 0-16.38-3.125-22.62-9.375c-12.5-12.5-12.5-32.75 0-45.25L178.8 256L41.38 118.6c-12.5-12.5-12.5-32.75 0-45.25s32.75-12.5 45.25 0l160 160c12.5 12.5 12.5 32.75 0 45.25l-160 160C80.38 444.9 72.19 448 64 448z\"><\/path><\/svg><\/span><span class=\"uagb-icon-list__label\"><strong>Personalizaci\u00f3n OEM y ODM:<\/strong> Aceptable <\/span><\/div>\n<\/div><\/div>\n\n\n\n<div class=\"wp-block-uagb-buttons uagb-buttons__outer-wrap uagb-btn__medium-btn uagb-btn-tablet__default-btn uagb-btn-mobile__default-btn uagb-block-65a286c4\"><div class=\"uagb-buttons__wrap uagb-buttons-layout-wrap\">\n<div class=\"wp-block-uagb-buttons-child uagb-buttons__outer-wrap uagb-block-1541b668 wp-block-button\"><div class=\"uagb-button__wrapper\"><a class=\"uagb-buttons-repeater wp-block-button__link\" aria-label=\"\" href=\"https:\/\/howjoo.com\/es\/contacto\/\" rel=\"follow noopener\" target=\"_self\"><div class=\"uagb-button__link\">P\u00f3ngase en contacto con nosotros<\/div><\/a><\/div><\/div>\n<\/div><\/div>\n<\/div>\n\n\n\n<div class=\"wp-block-column is-layout-flow wp-block-column-is-layout-flow\">\n<figure class=\"wp-block-image size-large has-custom-border is-style-default\"><img decoding=\"async\" src=\"https:\/\/howjoo.com\/wp-content\/themes\/spectra-one\/assets\/image\/placeholder-landscape.svg\" alt=\"\" class=\"wp-image-86\" style=\"border-radius:8px\"\/><\/figure>\n<\/div>\n<\/div>\n<\/div>\n\n\n\n<div class=\"wp-block-uagb-container uagb-block-c316fa33\">\n<div class=\"wp-block-uagb-info-box uagb-block-305f7bc1 uagb-infobox__content-wrap  uagb-infobox-icon-above-title uagb-infobox-image-valign-top\"><div class=\"uagb-ifb-content\"><div class=\"uagb-ifb-title-wrap\"><h2 class=\"uagb-ifb-title\">Qui\u00e9nes somos<\/h2><\/div><p class=\"uagb-ifb-desc\"><strong>HowJoo<\/strong> es uno de los principales proveedores de productos promocionales de China. Contamos con m\u00e1s de 10 a\u00f1os de experiencia profesional en abastecimiento de productos, gesti\u00f3n de la producci\u00f3n y log\u00edstica de exportaci\u00f3n.<br><br>Suministramos productos promocionales, obsequios impresos y regalos publicitarios a una variada cartera de clientes, entre los que se incluyen importadores, distribuidores, proveedores de servicios de impresi\u00f3n y agencias de publicidad de Europa, Norteam\u00e9rica, Asia, etc.<br><br>Contamos con una s\u00f3lida red de abastecimiento para ayudar a nuestros clientes a encontrar productos con precios competitivos y alta calidad. Adem\u00e1s, ofrecemos servicios de producci\u00f3n personalizados para satisfacer las necesidades espec\u00edficas y las ideas creativas de nuestros clientes.<br><br>Nuestro objetivo es ser su \u00fanica fuente para potenciar su cadena de suministro, ayud\u00e1ndole a reducir los costes de compra, los costes de p\u00e9rdida de tiempo y otros costes ocultos de gesti\u00f3n de proveedores.<\/p><\/div><\/div>\n<\/div>\n\n\n\n<div class=\"wp-block-uagb-container uagb-block-ef4f286d\">\n<div class=\"wp-block-uagb-info-box uagb-block-5d0ba61d uagb-infobox__content-wrap  uagb-infobox-icon-above-title uagb-infobox-image-valign-top\"><div class=\"uagb-ifb-content\"><div class=\"uagb-ifb-title-wrap\"><h2 class=\"uagb-ifb-title\">Qu\u00e9 hacemos<\/h2><\/div><p class=\"uagb-ifb-desc\"><strong>Servicios de personalizaci\u00f3n:<\/strong> integrando su logotipo con art\u00edculos promocionales mediante servicios de impresi\u00f3n para aumentar la notoriedad de su marca.<br><strong>Adquisici\u00f3n de productos:<\/strong> Suministro de productos promocionales adaptados a su presupuesto y estrategia de marketing.<br><strong>Servicio de citas:<\/strong> Precios puntuales y competitivos para que destaque.<br><strong>Servicio de muestreo:<\/strong> Garantizar la satisfacci\u00f3n comprobando el dise\u00f1o y la calidad antes de la producci\u00f3n a granel.<br><strong>Gesti\u00f3n de la producci\u00f3n:<\/strong> Garantizar la ejecuci\u00f3n de los pedidos prestando atenci\u00f3n a todos los detalles de producci\u00f3n para cumplir las normas del sector.<br><strong>Seguimiento del pedido:<\/strong> Seguimiento del pedido para conocer el estado de avance y las fechas estimadas de entrega.<br><strong>Inspecci\u00f3n de calidad: <\/strong>Nuestro personal de control de calidad inspecciona rigurosamente para igualar la calidad de las muestras en la producci\u00f3n a granel.<br><strong>Soluciones log\u00edsticas:<\/strong> Soluciones log\u00edsticas adecuadas para una entrega r\u00e1pida basada en consideraciones pr\u00e1cticas.<br><strong>Servicio postventa: <\/strong>Dar prioridad a las opiniones de los clientes y resolver sus problemas con prontitud para mejorar la experiencia de las transacciones.<br><\/p><\/div><\/div>\n<\/div>\n<\/div><\/div>","protected":false},"excerpt":{"rendered":"<p>\u2014 Welcome About Us Ningbo HowJoo International Trade Co., Ltd.<\/p>","protected":false},"author":1,"featured_media":0,"parent":0,"menu_order":0,"comment_status":"closed","ping_status":"closed","template":"","meta":{"_uag_custom_page_level_css":"","_swt_meta_header_display":false,"_swt_meta_footer_display":false,"_swt_meta_site_title_display":true,"_swt_meta_sticky_header":false,"_swt_meta_transparent_header":false,"footnotes":""},"class_list":["post-27","page","type-page","status-publish","hentry"],"uagb_featured_image_src":{"full":false,"thumbnail":false,"medium":false,"medium_large":false,"large":false,"1536x1536":false,"2048x2048":false,"trp-custom-language-flag":false},"uagb_author_info":{"display_name":"howjoo1","author_link":"https:\/\/howjoo.com\/es\/author\/howjoo1\/"},"uagb_comment_info":0,"uagb_excerpt":"\u2014 Welcome About Us Ningbo HowJoo International Trade Co., Ltd.","_links":{"self":[{"href":"https:\/\/howjoo.com\/es\/wp-json\/wp\/v2\/pages\/27","targetHints":{"allow":["GET"]}}],"collection":[{"href":"https:\/\/howjoo.com\/es\/wp-json\/wp\/v2\/pages"}],"about":[{"href":"https:\/\/howjoo.com\/es\/wp-json\/wp\/v2\/types\/page"}],"author":[{"embeddable":true,"href":"https:\/\/howjoo.com\/es\/wp-json\/wp\/v2\/users\/1"}],"replies":[{"embeddable":true,"href":"https:\/\/howjoo.com\/es\/wp-json\/wp\/v2\/comments?post=27"}],"version-history":[{"count":72,"href":"https:\/\/howjoo.com\/es\/wp-json\/wp\/v2\/pages\/27\/revisions"}],"predecessor-version":[{"id":6440,"href":"https:\/\/howjoo.com\/es\/wp-json\/wp\/v2\/pages\/27\/revisions\/6440"}],"wp:attachment":[{"href":"https:\/\/howjoo.com\/es\/wp-json\/wp\/v2\/media?parent=27"}],"curies":[{"name":"wp","href":"https:\/\/api.w.org\/{rel}","templated":true}]}}