{"id":11,"date":"2024-03-19T06:00:51","date_gmt":"2024-03-19T06:00:51","guid":{"rendered":"https:\/\/howjoo.com\/?page_id=11"},"modified":"2025-01-07T14:37:31","modified_gmt":"2025-01-07T06:37:31","slug":"blog","status":"publish","type":"page","link":"https:\/\/howjoo.com\/es\/blog\/","title":{"rendered":"Blog"},"content":{"rendered":"<div class=\"wp-block-uagb-container uagb-block-a9de8738 alignfull uagb-is-root-container\"><div class=\"uagb-container-inner-blocks-wrap\">\n<div class=\"wp-block-uagb-advanced-heading uagb-block-44c41ad3\"><h1 class=\"uagb-heading-text\">BLOG<\/h1><\/div>\n<\/div><\/div>\n\n\n\n<div class=\"wp-block-uagb-container uagb-block-031cd0a5 alignfull uagb-is-root-container\"><div class=\"uagb-container-inner-blocks-wrap\">\n<div class=\"wp-block-uagb-container uagb-block-607fe128\"><div class=\"breadcrumbs alignleft  wp-block-bcn-breadcrumb-trail has-text-color has-background\" vocab=\"https:\/\/schema.org\/\" typeof=\"BreadcrumbList\">\n\t<span><\/span>\n\t<span property=\"itemListElement\" typeof=\"ListItem\"><a property=\"item\" typeof=\"WebPage\" title=\"Ir a Productos promocionales HowJoo.\" href=\"https:\/\/howjoo.com\/es\" class=\"home\" aria-current=\"page\"><span property=\"name\">Inicio<\/span><\/a><meta property=\"position\" content=\"1\"><\/span><\/div>\n<\/div>\n\n\n\n<div class=\"wp-block-uagb-container uagb-block-7fb0fe07\"><form role=\"search\" method=\"get\" action=\"https:\/\/howjoo.com\/es\/\" class=\"wp-block-search__button-outside wp-block-search__text-button alignright is-style-swt-search-minimal wp-block-search\" data-trp-original-action=\"https:\/\/howjoo.com\/es\/\"    ><label class=\"wp-block-search__label screen-reader-text\" for=\"wp-block-search__input-1\"  style=\"font-size: 12px\">Buscar en<\/label><div class=\"wp-block-search__inside-wrapper\"  style=\"width: 100%\"><input class=\"wp-block-search__input\" id=\"wp-block-search__input-1\" placeholder=\"\" value=\"\" type=\"search\" name=\"s\" required style=\"font-size: 12px\"\/><button aria-label=\"Buscar en\" class=\"wp-block-search__button wp-element-button\" type=\"submit\"  style=\"font-size: 12px\">Buscar en<\/button><\/div><input type=\"hidden\" name=\"trp-form-language\" value=\"es\"\/><\/form><\/div>\n<\/div><\/div>\n\n\n\n<div class=\"wp-block-uagb-container uagb-block-0d984028 alignfull uagb-is-root-container\"><div class=\"uagb-container-inner-blocks-wrap\">\n<hr class=\"wp-block-separator has-alpha-channel-opacity is-style-default\"\/>\n<\/div><\/div>\n\n\n\n<div class=\"wp-block-uagb-container uagb-block-a62c8d6b alignfull uagb-is-root-container\"><div class=\"uagb-container-inner-blocks-wrap\">\n<div class=\"wp-block-uagb-container uagb-block-b7b95874\">\n<div class=\"wp-block-uagb-advanced-heading uagb-block-bd3da16b\"><\/div>\n\n\n\n\t\t\t<div class=\"wp-block-uagb-post-grid uagb-post-grid  uagb-post__image-position-top uagb-post__image-enabled uagb-block-c3c5e18d     uagb-post__items uagb-post__columns-3 is-grid uagb-post__columns-tablet-2 uagb-post__columns-mobile-1 uagb-post__equal-height\" data-total=\"1\" style=\"\">\n\n\t\t\t\t\t\t\t\t\t\t\t\t<article class=\"uagb-post__inner-wrap\">\t\t\t\t\t\t\t\t<div class='uagb-post__image'>\n\t\t\t\t\t\t\t\t\t<a href=\"https:\/\/howjoo.com\/es\/blogs\/china-fabricantes-lugar-de-encuentro-de-articulos-promocionales-populares\/\" target=\"_self\" rel=\"bookmark noopener noreferrer\" class='uagb-image-ratio-2-3'><img loading=\"lazy\" decoding=\"async\" width=\"600\" height=\"398\" src=\"https:\/\/howjoo.com\/wp-content\/uploads\/2024\/08\/factory.webp\" class=\"attachment-medium_large size-medium_large\" alt=\"\" srcset=\"https:\/\/howjoo.com\/wp-content\/uploads\/2024\/08\/factory.webp 600w, https:\/\/howjoo.com\/wp-content\/uploads\/2024\/08\/factory-300x199.webp 300w, https:\/\/howjoo.com\/wp-content\/uploads\/2024\/08\/factory-18x12.webp 18w\" sizes=\"auto, (max-width: 600px) 100vw, 600px\" \/>\t\t\t\t\t<\/a>\n\t\t\t\t\t\t\t<\/div>\n\t\t\t\t\t\t<h4 class=\"uagb-post__title uagb-post__text\">\n\t\t\t\t<a href=\"https:\/\/howjoo.com\/es\/blogs\/china-fabricantes-lugar-de-encuentro-de-articulos-promocionales-populares\/\" target=\"_self\" rel=\"bookmark noopener noreferrer\">China Fabricantes Lugar de reuni\u00f3n de art\u00edculos promocionales populares<\/a>\n\t\t\t<\/h4>\n\t\t\t\t\t\t<div class='uagb-post__text uagb-post-grid-byline'>\n\t\t\t\t\t\t\t\t<time datetime=\"2024-08-07T15:20:30+08:00\" class=\"uagb-post__date\">\n\t\t\t\t\t\t\t\t\t07\/08\/2024\t\t\t\t<\/time>\n\t\t\t\t\t\t<\/div>\n\t\t\t\t\t\t\t<div class='uagb-post__text uagb-post__excerpt'>\n\t\t\t\t\t<p>China Fabricantes Lugar de Reuni\u00f3n de Art\u00edculos Promocionales Populares 80% de Los...\t\t\t\t<\/div>\n\t\t\t\t\t\t<div class=\"uagb-post__text uagb-post__cta wp-block-button\">\n\t\t\t\t<a class=\"wp-block-button__link uagb-text-link\" href=\"https:\/\/howjoo.com\/es\/blogs\/china-fabricantes-lugar-de-encuentro-de-articulos-promocionales-populares\/\" target=\"_self\" rel=\"bookmark noopener noreferrer\">Leer m\u00e1s<\/a>\n\t\t\t<\/div>\n\t\t\t\t\t\t\t\t\t\t\t\t<\/article>\n\t\t\t\t\t\t\t\t\t\t\t\t\t\t\t\t<article class=\"uagb-post__inner-wrap\">\t\t\t\t\t\t\t\t<div class='uagb-post__image'>\n\t\t\t\t\t\t\t\t\t<a href=\"https:\/\/howjoo.com\/es\/blogs\/consejos-para-importar-productos-promocionales-personalizados-de-china\/\" target=\"_self\" rel=\"bookmark noopener noreferrer\" class='uagb-image-ratio-2-3'><img loading=\"lazy\" decoding=\"async\" width=\"600\" height=\"400\" src=\"https:\/\/howjoo.com\/wp-content\/uploads\/2024\/08\/import-promo-products-from-china.webp\" class=\"attachment-medium_large size-medium_large\" alt=\"importar productos promocionales de china\" srcset=\"https:\/\/howjoo.com\/wp-content\/uploads\/2024\/08\/import-promo-products-from-china.webp 600w, https:\/\/howjoo.com\/wp-content\/uploads\/2024\/08\/import-promo-products-from-china-300x200.webp 300w, https:\/\/howjoo.com\/wp-content\/uploads\/2024\/08\/import-promo-products-from-china-18x12.webp 18w\" sizes=\"auto, (max-width: 600px) 100vw, 600px\" \/>\t\t\t\t\t<\/a>\n\t\t\t\t\t\t\t<\/div>\n\t\t\t\t\t\t<h4 class=\"uagb-post__title uagb-post__text\">\n\t\t\t\t<a href=\"https:\/\/howjoo.com\/es\/blogs\/consejos-para-importar-productos-promocionales-personalizados-de-china\/\" target=\"_self\" rel=\"bookmark noopener noreferrer\">Consejos para importar productos promocionales personalizados de China<\/a>\n\t\t\t<\/h4>\n\t\t\t\t\t\t<div class='uagb-post__text uagb-post-grid-byline'>\n\t\t\t\t\t\t\t\t<time datetime=\"2024-08-01T15:28:07+08:00\" class=\"uagb-post__date\">\n\t\t\t\t\t\t\t\t\t01\/08\/2024\t\t\t\t<\/time>\n\t\t\t\t\t\t<\/div>\n\t\t\t\t\t\t\t<div class='uagb-post__text uagb-post__excerpt'>\n\t\t\t\t\t<p>Consejos para importar productos promocionales personalizados de China Si se dedica a los regalos promocionales...\t\t\t\t<\/div>\n\t\t\t\t\t\t<div class=\"uagb-post__text uagb-post__cta wp-block-button\">\n\t\t\t\t<a class=\"wp-block-button__link uagb-text-link\" href=\"https:\/\/howjoo.com\/es\/blogs\/consejos-para-importar-productos-promocionales-personalizados-de-china\/\" target=\"_self\" rel=\"bookmark noopener noreferrer\">Leer m\u00e1s<\/a>\n\t\t\t<\/div>\n\t\t\t\t\t\t\t\t\t\t\t\t<\/article>\n\t\t\t\t\t\t\t\t\t\t\t\t\t\t\t\t<article class=\"uagb-post__inner-wrap\">\t\t\t\t\t\t\t\t<div class='uagb-post__image'>\n\t\t\t\t\t\t\t\t\t<a href=\"https:\/\/howjoo.com\/es\/blogs\/como-ayudan-los-productos-promocionales-a-las-empresas\/\" target=\"_self\" rel=\"bookmark noopener noreferrer\" class='uagb-image-ratio-2-3'><img loading=\"lazy\" decoding=\"async\" width=\"600\" height=\"400\" src=\"https:\/\/howjoo.com\/wp-content\/uploads\/2024\/06\/bga.webp\" class=\"attachment-medium_large size-medium_large\" alt=\"productos promocionales ventajas\" srcset=\"https:\/\/howjoo.com\/wp-content\/uploads\/2024\/06\/bga.webp 600w, https:\/\/howjoo.com\/wp-content\/uploads\/2024\/06\/bga-300x200.webp 300w\" sizes=\"auto, (max-width: 600px) 100vw, 600px\" \/>\t\t\t\t\t<\/a>\n\t\t\t\t\t\t\t<\/div>\n\t\t\t\t\t\t<h4 class=\"uagb-post__title uagb-post__text\">\n\t\t\t\t<a href=\"https:\/\/howjoo.com\/es\/blogs\/como-ayudan-los-productos-promocionales-a-las-empresas\/\" target=\"_self\" rel=\"bookmark noopener noreferrer\">\u00bfC\u00f3mo ayudan los productos promocionales a las empresas?<\/a>\n\t\t\t<\/h4>\n\t\t\t\t\t\t<div class='uagb-post__text uagb-post-grid-byline'>\n\t\t\t\t\t\t\t\t<time datetime=\"2024-06-21T15:48:56+08:00\" class=\"uagb-post__date\">\n\t\t\t\t\t\t\t\t\t21\/06\/2024\t\t\t\t<\/time>\n\t\t\t\t\t\t<\/div>\n\t\t\t\t\t\t\t<div class='uagb-post__text uagb-post__excerpt'>\n\t\t\t\t\t<p>- \u00bfC\u00f3mo ayudan los productos promocionales a las empresas? Entre los diversos m\u00e9todos de marketing disponibles, la promoci\u00f3n de productos...\t\t\t\t<\/div>\n\t\t\t\t\t\t<div class=\"uagb-post__text uagb-post__cta wp-block-button\">\n\t\t\t\t<a class=\"wp-block-button__link uagb-text-link\" href=\"https:\/\/howjoo.com\/es\/blogs\/como-ayudan-los-productos-promocionales-a-las-empresas\/\" target=\"_self\" rel=\"bookmark noopener noreferrer\">Leer m\u00e1s<\/a>\n\t\t\t<\/div>\n\t\t\t\t\t\t\t\t\t\t\t\t<\/article>\n\t\t\t\t\t\t\t\t\t\t\t<\/div>\n\t\t\t<\/div>\n\n\n\n<div class=\"wp-block-uagb-container uagb-block-1bf3d586\">\n<div class=\"wp-block-uagb-container uagb-block-39ec7b54\">\n<h6 class=\"wp-block-heading has-text-align-left has-tertiary-color has-text-color has-background has-link-color has-medium-font-size wp-elements-c2024653b34b85a92bd5f8bed272c496\" style=\"background-color:#0c2d73e6;padding-top:var(--wp--preset--spacing--xxx-small);padding-bottom:var(--wp--preset--spacing--xxx-small);font-style:normal;font-weight:900;letter-spacing:3px\"><a href=\"https:\/\/howjoo.com\/es\/category\/products\/\" data-type=\"page\" data-id=\"1202\">PRODUCTOS<\/a><\/h6>\n<\/div>\n\n\n\n<div class=\"wp-block-uagb-container uagb-block-89e7db30\">\t\t\t\t<div class = \"wp-block-uagb-taxonomy-list uagb-taxonomy__outer-wrap uagb-layout-grid uagb-block-c37ed29b\" style=\"\">\n\t\t\t\t\t\t\t\t\t\t\t\t\n\t\t\t\t\t\t<div class=\"uagb-taxomony-box\">\n\t\t\t\t\t\t\t<a class=\"uagb-tax-link\" href= \"https:\/\/howjoo.com\/es\/category\/textil-confeccion\/\">\n\t\t\t\t\t\t\t\t<div class=\"uagb-tax-title\">Ropa y textiles\t\t\t\t\t\t\t\t<\/div>\n\t\t\t\t\t\t\t\t\t\t\t\t\t\t\t<\/a>\n\t\t\t\t\t\t<\/div>\n\t\t\t\t\t\t\t\n\t\t\t\t\t\t<div class=\"uagb-taxomony-box\">\n\t\t\t\t\t\t\t<a class=\"uagb-tax-link\" href= \"https:\/\/howjoo.com\/es\/category\/bolsas\/\">\n\t\t\t\t\t\t\t\t<div class=\"uagb-tax-title\">Bolsas\t\t\t\t\t\t\t\t<\/div>\n\t\t\t\t\t\t\t\t\t\t\t\t\t\t\t<\/a>\n\t\t\t\t\t\t<\/div>\n\t\t\t\t\t\t\t\n\t\t\t\t\t\t<div class=\"uagb-taxomony-box\">\n\t\t\t\t\t\t\t<a class=\"uagb-tax-link\" href= \"https:\/\/howjoo.com\/es\/category\/blogs\/\">\n\t\t\t\t\t\t\t\t<div class=\"uagb-tax-title\">Blogs\t\t\t\t\t\t\t\t<\/div>\n\t\t\t\t\t\t\t\t\t\t\t\t\t\t\t<\/a>\n\t\t\t\t\t\t<\/div>\n\t\t\t\t\t\t\t\n\t\t\t\t\t\t<div class=\"uagb-taxomony-box\">\n\t\t\t\t\t\t\t<a class=\"uagb-tax-link\" href= \"https:\/\/howjoo.com\/es\/category\/conferencia-exposicion\/\">\n\t\t\t\t\t\t\t\t<div class=\"uagb-tax-title\">Conferencia y exposici\u00f3n\t\t\t\t\t\t\t\t<\/div>\n\t\t\t\t\t\t\t\t\t\t\t\t\t\t\t<\/a>\n\t\t\t\t\t\t<\/div>\n\t\t\t\t\t\t\t\n\t\t\t\t\t\t<div class=\"uagb-taxomony-box\">\n\t\t\t\t\t\t\t<a class=\"uagb-tax-link\" href= \"https:\/\/howjoo.com\/es\/category\/accesorios-de-escritorio\/\">\n\t\t\t\t\t\t\t\t<div class=\"uagb-tax-title\">Accesorios de escritorio\t\t\t\t\t\t\t\t<\/div>\n\t\t\t\t\t\t\t\t\t\t\t\t\t\t\t<\/a>\n\t\t\t\t\t\t<\/div>\n\t\t\t\t\t\t\t\n\t\t\t\t\t\t<div class=\"uagb-taxomony-box\">\n\t\t\t\t\t\t\t<a class=\"uagb-tax-link\" href= \"https:\/\/howjoo.com\/es\/category\/vajilla\/\">\n\t\t\t\t\t\t\t\t<div class=\"uagb-tax-title\">Art\u00edculos de bebida\t\t\t\t\t\t\t\t<\/div>\n\t\t\t\t\t\t\t\t\t\t\t\t\t\t\t<\/a>\n\t\t\t\t\t\t<\/div>\n\t\t\t\t\t\t\t\n\t\t\t\t\t\t<div class=\"uagb-taxomony-box\">\n\t\t\t\t\t\t\t<a class=\"uagb-tax-link\" href= \"https:\/\/howjoo.com\/es\/category\/diversion-ocio\/\">\n\t\t\t\t\t\t\t\t<div class=\"uagb-tax-title\">Diversi\u00f3n y ocio\t\t\t\t\t\t\t\t<\/div>\n\t\t\t\t\t\t\t\t\t\t\t\t\t\t\t<\/a>\n\t\t\t\t\t\t<\/div>\n\t\t\t\t\t\t\t\n\t\t\t\t\t\t<div class=\"uagb-taxomony-box\">\n\t\t\t\t\t\t\t<a class=\"uagb-tax-link\" href= \"https:\/\/howjoo.com\/es\/category\/hogar\/\">\n\t\t\t\t\t\t\t\t<div class=\"uagb-tax-title\">Hogar\t\t\t\t\t\t\t\t<\/div>\n\t\t\t\t\t\t\t\t\t\t\t\t\t\t\t<\/a>\n\t\t\t\t\t\t<\/div>\n\t\t\t\t\t\t\t\n\t\t\t\t\t\t<div class=\"uagb-taxomony-box\">\n\t\t\t\t\t\t\t<a class=\"uagb-tax-link\" href= \"https:\/\/howjoo.com\/es\/category\/escritura-de-oficina\/\">\n\t\t\t\t\t\t\t\t<div class=\"uagb-tax-title\">Oficina y escritura\t\t\t\t\t\t\t\t<\/div>\n\t\t\t\t\t\t\t\t\t\t\t\t\t\t\t<\/a>\n\t\t\t\t\t\t<\/div>\n\t\t\t\t\t\t\t\n\t\t\t\t\t\t<div class=\"uagb-taxomony-box\">\n\t\t\t\t\t\t\t<a class=\"uagb-tax-link\" href= \"https:\/\/howjoo.com\/es\/category\/cuidado-personal\/\">\n\t\t\t\t\t\t\t\t<div class=\"uagb-tax-title\">Cuidado personal\t\t\t\t\t\t\t\t<\/div>\n\t\t\t\t\t\t\t\t\t\t\t\t\t\t\t<\/a>\n\t\t\t\t\t\t<\/div>\n\t\t\t\t\t\t\t\n\t\t\t\t\t\t<div class=\"uagb-taxomony-box\">\n\t\t\t\t\t\t\t<a class=\"uagb-tax-link\" href= \"https:\/\/howjoo.com\/es\/category\/eventos-deportivos\/\">\n\t\t\t\t\t\t\t\t<div class=\"uagb-tax-title\">Deportes y eventos\t\t\t\t\t\t\t\t<\/div>\n\t\t\t\t\t\t\t\t\t\t\t\t\t\t\t<\/a>\n\t\t\t\t\t\t<\/div>\n\t\t\t\t\t\t\t\n\t\t\t\t\t\t<div class=\"uagb-taxomony-box\">\n\t\t\t\t\t\t\t<a class=\"uagb-tax-link\" href= \"https:\/\/howjoo.com\/es\/category\/tecnologia\/\">\n\t\t\t\t\t\t\t\t<div class=\"uagb-tax-title\">Tecnolog\u00eda\t\t\t\t\t\t\t\t<\/div>\n\t\t\t\t\t\t\t\t\t\t\t\t\t\t\t<\/a>\n\t\t\t\t\t\t<\/div>\n\t\t\t\t\t\t\t\n\t\t\t\t\t\t<div class=\"uagb-taxomony-box\">\n\t\t\t\t\t\t\t<a class=\"uagb-tax-link\" href= \"https:\/\/howjoo.com\/es\/category\/herramientas\/\">\n\t\t\t\t\t\t\t\t<div class=\"uagb-tax-title\">Herramientas\t\t\t\t\t\t\t\t<\/div>\n\t\t\t\t\t\t\t\t\t\t\t\t\t\t\t<\/a>\n\t\t\t\t\t\t<\/div>\n\t\t\t\t\t\t\t\n\t\t\t\t\t\t<div class=\"uagb-taxomony-box\">\n\t\t\t\t\t\t\t<a class=\"uagb-tax-link\" href= \"https:\/\/howjoo.com\/es\/category\/viajar-al-aire-libre\/\">\n\t\t\t\t\t\t\t\t<div class=\"uagb-tax-title\">Viajes y actividades al aire libre\t\t\t\t\t\t\t\t<\/div>\n\t\t\t\t\t\t\t\t\t\t\t\t\t\t\t<\/a>\n\t\t\t\t\t\t<\/div>\n\t\t\t\t\t\t\t\t\t\t\t\t\t\t\t\t\t\t\t\t\t\t\t<\/div>\n\n\t\t\t<\/div>\n\n\n\n<div class=\"wp-block-uagb-container uagb-block-e7a1788b\">\n<div class=\"wp-block-uagb-container uagb-block-9665f06f\">\n<h6 class=\"wp-block-heading has-tertiary-color has-text-color has-background has-link-color has-medium-font-size wp-elements-7a2babfd7e7f5957b24db787e447864a\" style=\"background-color:#0c2d73e6;padding-top:var(--wp--preset--spacing--xxx-small);padding-bottom:var(--wp--preset--spacing--xxx-small);font-style:normal;font-weight:800;letter-spacing:3px\">NUBE DE ETIQUETAS<\/h6>\n<\/div>\n\n\n\n<div class=\"wp-block-uagb-container uagb-block-804c7c6f\"><\/div>\n<\/div>\n<\/div>\n<\/div><\/div>","protected":false},"excerpt":{"rendered":"<p>BLOG PRODUCTS TAG CLOUD<\/p>","protected":false},"author":1,"featured_media":0,"parent":0,"menu_order":0,"comment_status":"closed","ping_status":"closed","template":"","meta":{"_uag_custom_page_level_css":"","_swt_meta_header_display":false,"_swt_meta_footer_display":false,"_swt_meta_site_title_display":true,"_swt_meta_sticky_header":false,"_swt_meta_transparent_header":false,"footnotes":""},"class_list":["post-11","page","type-page","status-publish","hentry"],"uagb_featured_image_src":{"full":false,"thumbnail":false,"medium":false,"medium_large":false,"large":false,"1536x1536":false,"2048x2048":false,"trp-custom-language-flag":false},"uagb_author_info":{"display_name":"howjoo1","author_link":"https:\/\/howjoo.com\/es\/author\/howjoo1\/"},"uagb_comment_info":0,"uagb_excerpt":"BLOG PRODUCTS TAG CLOUD","_links":{"self":[{"href":"https:\/\/howjoo.com\/es\/wp-json\/wp\/v2\/pages\/11","targetHints":{"allow":["GET"]}}],"collection":[{"href":"https:\/\/howjoo.com\/es\/wp-json\/wp\/v2\/pages"}],"about":[{"href":"https:\/\/howjoo.com\/es\/wp-json\/wp\/v2\/types\/page"}],"author":[{"embeddable":true,"href":"https:\/\/howjoo.com\/es\/wp-json\/wp\/v2\/users\/1"}],"replies":[{"embeddable":true,"href":"https:\/\/howjoo.com\/es\/wp-json\/wp\/v2\/comments?post=11"}],"version-history":[{"count":29,"href":"https:\/\/howjoo.com\/es\/wp-json\/wp\/v2\/pages\/11\/revisions"}],"predecessor-version":[{"id":6439,"href":"https:\/\/howjoo.com\/es\/wp-json\/wp\/v2\/pages\/11\/revisions\/6439"}],"wp:attachment":[{"href":"https:\/\/howjoo.com\/es\/wp-json\/wp\/v2\/media?parent=11"}],"curies":[{"name":"wp","href":"https:\/\/api.w.org\/{rel}","templated":true}]}}