{"id":27,"date":"2024-03-19T06:53:54","date_gmt":"2024-03-19T06:53:54","guid":{"rendered":"https:\/\/howjoo.com\/?page_id=27"},"modified":"2025-01-07T14:39:11","modified_gmt":"2025-01-07T06:39:11","slug":"about-us","status":"publish","type":"page","link":"https:\/\/howjoo.com\/de\/uber-uns\/","title":{"rendered":"\u00dcber uns"},"content":{"rendered":"<div class=\"wp-block-uagb-container uag-blocks-common-selector uagb-block-72af0111 alignfull uagb-is-root-container\"><div class=\"uagb-container-inner-blocks-wrap\">\n<div class=\"wp-block-uagb-advanced-heading uagb-block-61ed7520\"><h6 class=\"uagb-heading-text\">- Willkommen<\/h6><\/div>\n\n\n\n<div class=\"wp-block-uagb-advanced-heading uagb-block-4a483d8e\"><h1 class=\"uagb-heading-text\">\u00dcber uns<\/h1><\/div>\n<\/div><\/div>\n\n\n\n<div class=\"wp-block-uagb-container uagb-block-23e7ad8b alignfull uagb-is-root-container\"><div class=\"uagb-container-inner-blocks-wrap\"><div class=\"breadcrumbs align wp-elements-8de87235d4300ab57edccff768f490b0 wp-block-bcn-breadcrumb-trail has-text-color has-primary-color has-background\" vocab=\"https:\/\/schema.org\/\" typeof=\"BreadcrumbList\">\n\t<span><\/span>\n\t<span property=\"itemListElement\" typeof=\"ListItem\"><a property=\"item\" typeof=\"WebPage\" title=\"Gehen Sie zu HowJoo Werbeartikel.\" href=\"https:\/\/howjoo.com\/de\" class=\"home\" aria-current=\"page\"><span property=\"name\">Startseite<\/span><\/a><meta property=\"position\" content=\"1\"><\/span><\/div>\n<\/div><\/div>\n\n\n\n<div class=\"wp-block-uagb-container uagb-block-59396a5b alignfull uagb-is-root-container\"><div class=\"uagb-container-inner-blocks-wrap\">\n<div class=\"wp-block-group alignwide has-global-padding is-layout-constrained wp-container-core-group-is-layout-fa72c8b5 wp-block-group-is-layout-constrained\" style=\"padding-top:var(--wp--preset--spacing--x-large);padding-bottom:var(--wp--preset--spacing--x-large)\">\n<div class=\"wp-block-columns alignwide is-layout-flex wp-container-core-columns-is-layout-00f84694 wp-block-columns-is-layout-flex\">\n<div class=\"wp-block-column is-vertically-aligned-center has-x-small-font-size is-layout-flow wp-block-column-is-layout-flow\">\n<h2 class=\"wp-block-heading has-varela-round-font-family has-large-font-size\" style=\"margin-bottom:var(--wp--preset--spacing--small)\"><strong>Ningbo HowJoo International Trade Co, Ltd.<\/strong><\/h2>\n\n\n\n<div class=\"wp-block-uagb-icon-list uagb-block-88d5da0c\"><div class=\"uagb-icon-list__wrap\">\n<div class=\"wp-block-uagb-icon-list-child uagb-block-00e2796f\"><span class=\"uagb-icon-list__source-wrap\"><svg xmlns=\"https:\/\/www.w3.org\/2000\/svg\" viewbox=\"0 0 256 512\"><path d=\"M64 448c-8.188 0-16.38-3.125-22.62-9.375c-12.5-12.5-12.5-32.75 0-45.25L178.8 256L41.38 118.6c-12.5-12.5-12.5-32.75 0-45.25s32.75-12.5 45.25 0l160 160c12.5 12.5 12.5 32.75 0 45.25l-160 160C80.38 444.9 72.19 448 64 448z\"><\/path><\/svg><\/span><span class=\"uagb-icon-list__label\"><strong>Gr\u00fcndungsjahr:<\/strong> 2018 <\/span><\/div>\n\n\n\n<div class=\"wp-block-uagb-icon-list-child uagb-block-efc1dbf3\"><span class=\"uagb-icon-list__source-wrap\"><svg xmlns=\"https:\/\/www.w3.org\/2000\/svg\" viewbox=\"0 0 256 512\"><path d=\"M64 448c-8.188 0-16.38-3.125-22.62-9.375c-12.5-12.5-12.5-32.75 0-45.25L178.8 256L41.38 118.6c-12.5-12.5-12.5-32.75 0-45.25s32.75-12.5 45.25 0l160 160c12.5 12.5 12.5 32.75 0 45.25l-160 160C80.38 444.9 72.19 448 64 448z\"><\/path><\/svg><\/span><span class=\"uagb-icon-list__label\"><strong>Land \/ Region: <\/strong>Ningbo, China. 2 Stunden Fahrt von Shanghai und Yiwu<\/span><\/div>\n\n\n\n<div class=\"wp-block-uagb-icon-list-child uagb-block-dd5ce7be\"><span class=\"uagb-icon-list__source-wrap\"><svg xmlns=\"https:\/\/www.w3.org\/2000\/svg\" viewbox=\"0 0 256 512\"><path d=\"M64 448c-8.188 0-16.38-3.125-22.62-9.375c-12.5-12.5-12.5-32.75 0-45.25L178.8 256L41.38 118.6c-12.5-12.5-12.5-32.75 0-45.25s32.75-12.5 45.25 0l160 160c12.5 12.5 12.5 32.75 0 45.25l-160 160C80.38 444.9 72.19 448 64 448z\"><\/path><\/svg><\/span><span class=\"uagb-icon-list__label\"><strong>Anzahl der Mitarbeiter:<\/strong> 5-10 Personen <\/span><\/div>\n\n\n\n<div class=\"wp-block-uagb-icon-list-child uagb-block-9cf5634a\"><span class=\"uagb-icon-list__source-wrap\"><svg xmlns=\"https:\/\/www.w3.org\/2000\/svg\" viewbox=\"0 0 256 512\"><path d=\"M64 448c-8.188 0-16.38-3.125-22.62-9.375c-12.5-12.5-12.5-32.75 0-45.25L178.8 256L41.38 118.6c-12.5-12.5-12.5-32.75 0-45.25s32.75-12.5 45.25 0l160 160c12.5 12.5 12.5 32.75 0 45.25l-160 160C80.38 444.9 72.19 448 64 448z\"><\/path><\/svg><\/span><span class=\"uagb-icon-list__label\"><strong>Erfahrung in der Industrie:<\/strong> 10+ Jahre <\/span><\/div>\n\n\n\n<div class=\"wp-block-uagb-icon-list-child uagb-block-baad180e\"><span class=\"uagb-icon-list__source-wrap\"><svg xmlns=\"https:\/\/www.w3.org\/2000\/svg\" viewbox=\"0 0 256 512\"><path d=\"M64 448c-8.188 0-16.38-3.125-22.62-9.375c-12.5-12.5-12.5-32.75 0-45.25L178.8 256L41.38 118.6c-12.5-12.5-12.5-32.75 0-45.25s32.75-12.5 45.25 0l160 160c12.5 12.5 12.5 32.75 0 45.25l-160 160C80.38 444.9 72.19 448 64 448z\"><\/path><\/svg><\/span><span class=\"uagb-icon-list__label\"><strong>Gesch\u00e4ftsart:<\/strong> Handelsgesellschaft<\/span><\/div>\n\n\n\n<div class=\"wp-block-uagb-icon-list-child uagb-block-ef2b9a46\"><span class=\"uagb-icon-list__source-wrap\"><svg xmlns=\"https:\/\/www.w3.org\/2000\/svg\" viewbox=\"0 0 256 512\"><path d=\"M64 448c-8.188 0-16.38-3.125-22.62-9.375c-12.5-12.5-12.5-32.75 0-45.25L178.8 256L41.38 118.6c-12.5-12.5-12.5-32.75 0-45.25s32.75-12.5 45.25 0l160 160c12.5 12.5 12.5 32.75 0 45.25l-160 160C80.38 444.9 72.19 448 64 448z\"><\/path><\/svg><\/span><span class=\"uagb-icon-list__label\"><strong>J\u00e4hrliche Gesamteinnahmen:<\/strong> US 0,6 Millionen - US 1 Million  <\/span><\/div>\n\n\n\n<div class=\"wp-block-uagb-icon-list-child uagb-block-41514753\"><span class=\"uagb-icon-list__source-wrap\"><svg xmlns=\"https:\/\/www.w3.org\/2000\/svg\" viewbox=\"0 0 256 512\"><path d=\"M64 448c-8.188 0-16.38-3.125-22.62-9.375c-12.5-12.5-12.5-32.75 0-45.25L178.8 256L41.38 118.6c-12.5-12.5-12.5-32.75 0-45.25s32.75-12.5 45.25 0l160 160c12.5 12.5 12.5 32.75 0 45.25l-160 160C80.38 444.9 72.19 448 64 448z\"><\/path><\/svg><\/span><span class=\"uagb-icon-list__label\"><strong>Anzahl der Kunden:<\/strong> 200+ Kunden  <\/span><\/div>\n\n\n\n<div class=\"wp-block-uagb-icon-list-child uagb-block-7ea7e6de\"><span class=\"uagb-icon-list__source-wrap\"><svg xmlns=\"https:\/\/www.w3.org\/2000\/svg\" viewbox=\"0 0 256 512\"><path d=\"M64 448c-8.188 0-16.38-3.125-22.62-9.375c-12.5-12.5-12.5-32.75 0-45.25L178.8 256L41.38 118.6c-12.5-12.5-12.5-32.75 0-45.25s32.75-12.5 45.25 0l160 160c12.5 12.5 12.5 32.75 0 45.25l-160 160C80.38 444.9 72.19 448 64 448z\"><\/path><\/svg><\/span><span class=\"uagb-icon-list__label\"><strong>Wichtigste M\u00e4rkte:<\/strong> Europa, Nordamerika, Asien, Naher Osten <\/span><\/div>\n\n\n\n<div class=\"wp-block-uagb-icon-list-child uagb-block-3f8141a7\"><span class=\"uagb-icon-list__source-wrap\"><svg xmlns=\"https:\/\/www.w3.org\/2000\/svg\" viewbox=\"0 0 256 512\"><path d=\"M64 448c-8.188 0-16.38-3.125-22.62-9.375c-12.5-12.5-12.5-32.75 0-45.25L178.8 256L41.38 118.6c-12.5-12.5-12.5-32.75 0-45.25s32.75-12.5 45.25 0l160 160c12.5 12.5 12.5 32.75 0 45.25l-160 160C80.38 444.9 72.19 448 64 448z\"><\/path><\/svg><\/span><span class=\"uagb-icon-list__label\"><strong>Hauptkategorien:<\/strong> Trinkgeschirr, Spa\u00df &amp; Freizeit, B\u00fcro &amp; Schreiben, Reisen &amp; Outdoor, Taschen, etc<\/span><\/div>\n\n\n\n<div class=\"wp-block-uagb-icon-list-child uagb-block-840d5ea5\"><span class=\"uagb-icon-list__source-wrap\"><svg xmlns=\"https:\/\/www.w3.org\/2000\/svg\" viewbox=\"0 0 256 512\"><path d=\"M64 448c-8.188 0-16.38-3.125-22.62-9.375c-12.5-12.5-12.5-32.75 0-45.25L178.8 256L41.38 118.6c-12.5-12.5-12.5-32.75 0-45.25s32.75-12.5 45.25 0l160 160c12.5 12.5 12.5 32.75 0 45.25l-160 160C80.38 444.9 72.19 448 64 448z\"><\/path><\/svg><\/span><span class=\"uagb-icon-list__label\"><strong>Zertifizierungen:<\/strong> CE, RoHS, FDA, etc. <\/span><\/div>\n\n\n\n<div class=\"wp-block-uagb-icon-list-child uagb-block-6f5057fa\"><span class=\"uagb-icon-list__source-wrap\"><svg xmlns=\"https:\/\/www.w3.org\/2000\/svg\" viewbox=\"0 0 256 512\"><path d=\"M64 448c-8.188 0-16.38-3.125-22.62-9.375c-12.5-12.5-12.5-32.75 0-45.25L178.8 256L41.38 118.6c-12.5-12.5-12.5-32.75 0-45.25s32.75-12.5 45.25 0l160 160c12.5 12.5 12.5 32.75 0 45.25l-160 160C80.38 444.9 72.19 448 64 448z\"><\/path><\/svg><\/span><span class=\"uagb-icon-list__label\"><strong>OEM- und ODM-Anpassung:<\/strong> Annehmbar <\/span><\/div>\n<\/div><\/div>\n\n\n\n<div class=\"wp-block-uagb-buttons uagb-buttons__outer-wrap uagb-btn__medium-btn uagb-btn-tablet__default-btn uagb-btn-mobile__default-btn uagb-block-65a286c4\"><div class=\"uagb-buttons__wrap uagb-buttons-layout-wrap\">\n<div class=\"wp-block-uagb-buttons-child uagb-buttons__outer-wrap uagb-block-1541b668 wp-block-button\"><div class=\"uagb-button__wrapper\"><a class=\"uagb-buttons-repeater wp-block-button__link\" aria-label=\"\" href=\"https:\/\/howjoo.com\/de\/kontakt\/\" rel=\"follow noopener\" target=\"_self\"><div class=\"uagb-button__link\">Kontakt<\/div><\/a><\/div><\/div>\n<\/div><\/div>\n<\/div>\n\n\n\n<div class=\"wp-block-column is-layout-flow wp-block-column-is-layout-flow\">\n<figure class=\"wp-block-image size-large has-custom-border is-style-default\"><img decoding=\"async\" src=\"https:\/\/howjoo.com\/wp-content\/themes\/spectra-one\/assets\/image\/placeholder-landscape.svg\" alt=\"\" class=\"wp-image-86\" style=\"border-radius:8px\"\/><\/figure>\n<\/div>\n<\/div>\n<\/div>\n\n\n\n<div class=\"wp-block-uagb-container uagb-block-c316fa33\">\n<div class=\"wp-block-uagb-info-box uagb-block-305f7bc1 uagb-infobox__content-wrap  uagb-infobox-icon-above-title uagb-infobox-image-valign-top\"><div class=\"uagb-ifb-content\"><div class=\"uagb-ifb-title-wrap\"><h2 class=\"uagb-ifb-title\">\u00dcber uns<\/h2><\/div><p class=\"uagb-ifb-desc\"><strong>HowJoo<\/strong> ist einer der f\u00fchrenden Anbieter von Werbeartikeln in China. Wir verf\u00fcgen \u00fcber mehr als 10 Jahre Berufserfahrung in den Bereichen Produktbeschaffung, Produktionsmanagement und Exportlogistik.<br><br>Wir liefern Werbeartikel, bedruckte Werbegeschenke und Werbegeschenke an einen breit gef\u00e4cherten Kundenstamm, darunter Importeure, H\u00e4ndler, Druckdienstleister und Werbeagenturen in Europa, Nordamerika, Asien usw.<br><br>Wir verf\u00fcgen \u00fcber ein solides Beschaffungsnetz, das unseren Kunden bei der Suche nach Produkten zu wettbewerbsf\u00e4higen Preisen und in hoher Qualit\u00e4t hilft. Dar\u00fcber hinaus bieten wir ma\u00dfgeschneiderte Produktionsdienstleistungen an, um den spezifischen Bed\u00fcrfnissen und kreativen Ideen unserer Kunden gerecht zu werden.<br><br>Unser Ziel ist es, Ihre Lieferkette aus einer Hand zu unterst\u00fctzen und Ihnen dabei zu helfen, Einkaufskosten, zeitraubende Kosten und andere versteckte Kosten f\u00fcr das Lieferantenmanagement zu reduzieren.<\/p><\/div><\/div>\n<\/div>\n\n\n\n<div class=\"wp-block-uagb-container uagb-block-ef4f286d\">\n<div class=\"wp-block-uagb-info-box uagb-block-5d0ba61d uagb-infobox__content-wrap  uagb-infobox-icon-above-title uagb-infobox-image-valign-top\"><div class=\"uagb-ifb-content\"><div class=\"uagb-ifb-title-wrap\"><h2 class=\"uagb-ifb-title\">Was wir tun<\/h2><\/div><p class=\"uagb-ifb-desc\"><strong>Anpassungsdienste:<\/strong> die Integration Ihres Logos in Werbeartikel durch Druckdienstleistungen, um die Markenbekanntheit zu erh\u00f6hen.<br><strong>Produktbeschaffung:<\/strong> Bereitstellung von Werbeartikeln, die auf Ihr Budget und Ihre Marketingstrategie zugeschnitten sind.<br><strong>Angebotsservice:<\/strong> Rechtzeitige und wettbewerbsf\u00e4hige Preisgestaltung, damit Sie sich abheben.<br><strong>Probenahme-Service:<\/strong> Sicherstellung der Zufriedenheit durch \u00dcberpr\u00fcfung von Design und Qualit\u00e4t vor der Massenproduktion.<br><strong>Produktionsmanagement:<\/strong> Sicherstellung der Auftragsausf\u00fchrung unter Beachtung aller Produktionsdetails, um die Industriestandards zu erf\u00fcllen.<br><strong>Auftragsverfolgung:<\/strong> Verfolgen Sie den Status der Bestellung und die voraussichtlichen Liefertermine.<br><strong>Qualit\u00e4tsinspektion: <\/strong>Unsere Mitarbeiter der Qualit\u00e4tskontrolle f\u00fchren strenge Kontrollen durch, um die Qualit\u00e4t der Muster in der Massenproduktion zu gew\u00e4hrleisten.<br><strong>Logistik-L\u00f6sungen:<\/strong> Geeignete Logistikl\u00f6sungen f\u00fcr eine rasche Lieferung nach praktischen Gesichtspunkten.<br><strong>Kundendienst: <\/strong>Vorrangige Ber\u00fccksichtigung von Kundenfeedback, sofortige Behebung von Problemen, um das Transaktionserlebnis zu verbessern.<br><\/p><\/div><\/div>\n<\/div>\n<\/div><\/div>","protected":false},"excerpt":{"rendered":"<p>\u2014 Welcome About Us Ningbo HowJoo International Trade Co., Ltd.<\/p>","protected":false},"author":1,"featured_media":0,"parent":0,"menu_order":0,"comment_status":"closed","ping_status":"closed","template":"","meta":{"_uag_custom_page_level_css":"","_swt_meta_header_display":false,"_swt_meta_footer_display":false,"_swt_meta_site_title_display":true,"_swt_meta_sticky_header":false,"_swt_meta_transparent_header":false,"footnotes":""},"class_list":["post-27","page","type-page","status-publish","hentry"],"uagb_featured_image_src":{"full":false,"thumbnail":false,"medium":false,"medium_large":false,"large":false,"1536x1536":false,"2048x2048":false,"trp-custom-language-flag":false},"uagb_author_info":{"display_name":"howjoo1","author_link":"https:\/\/howjoo.com\/de\/author\/howjoo1\/"},"uagb_comment_info":0,"uagb_excerpt":"\u2014 Welcome About Us Ningbo HowJoo International Trade Co., Ltd.","_links":{"self":[{"href":"https:\/\/howjoo.com\/de\/wp-json\/wp\/v2\/pages\/27","targetHints":{"allow":["GET"]}}],"collection":[{"href":"https:\/\/howjoo.com\/de\/wp-json\/wp\/v2\/pages"}],"about":[{"href":"https:\/\/howjoo.com\/de\/wp-json\/wp\/v2\/types\/page"}],"author":[{"embeddable":true,"href":"https:\/\/howjoo.com\/de\/wp-json\/wp\/v2\/users\/1"}],"replies":[{"embeddable":true,"href":"https:\/\/howjoo.com\/de\/wp-json\/wp\/v2\/comments?post=27"}],"version-history":[{"count":72,"href":"https:\/\/howjoo.com\/de\/wp-json\/wp\/v2\/pages\/27\/revisions"}],"predecessor-version":[{"id":6440,"href":"https:\/\/howjoo.com\/de\/wp-json\/wp\/v2\/pages\/27\/revisions\/6440"}],"wp:attachment":[{"href":"https:\/\/howjoo.com\/de\/wp-json\/wp\/v2\/media?parent=27"}],"curies":[{"name":"wp","href":"https:\/\/api.w.org\/{rel}","templated":true}]}}